{"id":53,"date":"2025-09-10T09:18:46","date_gmt":"2025-09-10T09:18:46","guid":{"rendered":"https:\/\/verigo.eu\/?page_id=53"},"modified":"2025-10-28T11:03:04","modified_gmt":"2025-10-28T11:03:04","slug":"sklep-verigo-bielanska-6","status":"publish","type":"page","link":"https:\/\/verigo.eu\/","title":{"rendered":"Witamy w VERIGO"},"content":{"rendered":"\n<figure class=\"wp-block-image size-large\"><a href=\"https:\/\/verigo.eu\/index.php\/o-nas\/\"><img loading=\"lazy\" decoding=\"async\" width=\"1024\" height=\"360\" src=\"https:\/\/verigo.eu\/wp-content\/uploads\/2025\/09\/ponaglowek-1024x360.jpg\" alt=\"sklep z odzie\u017c\u0105 damsk\u0105\" class=\"wp-image-434\" srcset=\"https:\/\/verigo.eu\/wp-content\/uploads\/2025\/09\/ponaglowek-1024x360.jpg 1024w, https:\/\/verigo.eu\/wp-content\/uploads\/2025\/09\/ponaglowek-300x105.jpg 300w, https:\/\/verigo.eu\/wp-content\/uploads\/2025\/09\/ponaglowek-768x270.jpg 768w, https:\/\/verigo.eu\/wp-content\/uploads\/2025\/09\/ponaglowek.jpg 1230w\" sizes=\"auto, (max-width: 1024px) 100vw, 1024px\" \/><\/a><\/figure>\n\n\n\n<p class=\"has-text-align-center has-larger-font-size\">Jak Ci\u0119 widz\u0105, tak Ci\u0119 pisz\u0105!<\/p>\n\n\n\n<p>Verigo jest firm\u0105 rodzinn\u0105, kt\u00f3ra od dawna zajmuje si\u0119 bardzo kr\u00f3tko seryjn\u0105 produkcj\u0105 klasycznych ubra\u0144 gotowych i szyciem na miar\u0119. Oferujemy eleganckie ubrania damskie:<strong><mark style=\"background-color:rgba(0, 0, 0, 0)\" class=\"has-inline-color has-blue-color\"> <\/mark><a href=\"https:\/\/verigo.eu\/index.php\/gotowe-ubrania-damskie\/spodnie-damskie\/\"><mark style=\"background-color:rgba(0, 0, 0, 0)\" class=\"has-inline-color has-blue-color\">spodnie<\/mark><\/a><\/strong>, <a href=\"https:\/\/verigo.eu\/index.php\/gotowe-ubrania-damskie\/spodnice-wiskozowe-welniane-bawelniane\/\"><strong><mark style=\"background-color:rgba(0, 0, 0, 0)\" class=\"has-inline-color has-blue-color\">sp\u00f3dnice<\/mark><\/strong><\/a>, <a href=\"https:\/\/verigo.eu\/index.php\/gotowe-ubrania-damskie\/zakiety-i-zakieciki\/\"><strong><mark style=\"background-color:rgba(0, 0, 0, 0)\" class=\"has-inline-color has-blue-color\">\u017cakiety<\/mark><\/strong><\/a>, <a href=\"https:\/\/verigo.eu\/index.php\/gotowe-ubrania-damskie\/sukienki\/\"><strong><mark style=\"background-color:rgba(0, 0, 0, 0)\" class=\"has-inline-color has-blue-color\">sukienki<\/mark><\/strong><\/a>, bluzki, p\u0142aszcze szyjemy we w\u0142asnej pracowni wy\u0142\u0105cznie z tkanin naturalnych, we\u0142ny, bawe\u0142ny, wiskozy, lnu i sprzedajemy we w\u0142asnym sklepie. To pozwala nam by\u0107 pewnymi co do  jako\u015bci i oryginalno\u015bci naszej oferty. Przyjmujemy r\u00f3wnie\u017c zam\u00f3wienia indywidualne. W cenie podstawowej ka\u017cdego ubrania zawarty jest te\u017c koszt dopasowania go do sylwetki klientki. Niekiedy mo\u017cemy te\u017c przyj\u0105\u0107 zam\u00f3wienie na poprawk\u0119 w rzeczach przecenionych, ale wtedy jest to dodatkowo p\u0142atne. Zakup rzeczy gotowej wymaga jednej wizyty w sklepie, bo poprawione ubranie mo\u017cemy wys\u0142a\u0107 na adres klientki.<\/p>\n\n\n\n<h2 class=\"wp-block-heading\">Zam\u00f3wienia indywidualne- <a href=\"https:\/\/verigo.eu\/index.php\/szycie-na-miare\/\"><strong><mark style=\"background-color:rgba(0, 0, 0, 0)\" class=\"has-inline-color has-blue-color\">szycie na miar\u0119<\/mark><\/strong><\/a><\/h2>\n\n\n\n<p>Mamy du\u017ce do\u015bwiadczenie w szyciu miarowym. Szyjemy na miar\u0119 eleganckie ubrania damskie sukienki, \u017cakiety, spodnie, sp\u00f3dnice i p\u0142aszcze.<\/p>\n\n\n\n<p>Szycie na miar\u0119 wymaga um\u00f3wienia si\u0119 na konkretny dzie\u0144 w celu z\u0142o\u017cenia zam\u00f3wienia. Przyjmujemy zam\u00f3wienia na podstawie opisu tego , co chce klientka, r\u00f3wnie\u017c na podstawie przyniesionego zdj\u0119cia i oczywi\u015bcie mo\u017cemy zmieni\u0107 model znajduj\u0105cy si\u0119 w sklepie tak by lepiej odpowiada\u0142 potrzebie klientki. Podczas sk\u0142adania zam\u00f3wienia ustalany jest termin wykonania i cena.<\/p>\n\n\n\n<p>Sk\u0142adaj\u0105c zam\u00f3wienie na szycie miarowe trzeba si\u0119 liczy\u0107 z konieczno\u015bci\u0105 przyj\u015bcia do sklepu do miary w um\u00f3wionym terminie. Przy bardziej skomplikowanych zam\u00f3wieniach lub bardzo trudnej sylwetce mog\u0105 by\u0107 potrzebne dwie miary.<\/p>\n\n\n\n<p><\/p>\n","protected":false},"excerpt":{"rendered":"<p>Jak Ci\u0119 widz\u0105, tak Ci\u0119 pisz\u0105! Verigo jest firm\u0105 rodzinn\u0105, kt\u00f3ra od dawna zajmuje si\u0119 bardzo kr\u00f3tko seryjn\u0105 produkcj\u0105 klasycznych ubra\u0144 gotowych i szyciem na miar\u0119. Oferujemy eleganckie ubrania damskie: spodnie, sp\u00f3dnice, \u017cakiety, sukienki, bluzki, p\u0142aszcze szyjemy we w\u0142asnej pracowni wy\u0142\u0105cznie z tkanin naturalnych, we\u0142ny, [&hellip;]<\/p>\n","protected":false},"author":1,"featured_media":0,"parent":0,"menu_order":0,"comment_status":"closed","ping_status":"closed","template":"","meta":{"_monsterinsights_skip_tracking":false,"_monsterinsights_sitenote_active":false,"_monsterinsights_sitenote_note":"","_monsterinsights_sitenote_category":0,"footnotes":""},"class_list":["post-53","page","type-page","status-publish","hentry"],"yoast_head":"<!-- This site is optimized with the Yoast SEO plugin v27.5 - https:\/\/yoast.com\/product\/yoast-seo-wordpress\/ -->\n<title>Eleganckie ubrania damskie: sukienki \u017cakiety spodnie i inne - Sklep na Biela\u0144skiej 6<\/title>\n<meta name=\"description\" content=\"Szycie na miar\u0119 i sprzeda\u017c eleganckich ubra\u0144 damskich. \u017bakiety, sukienki, spodnie, bluzki, p\u0142aszcze, we\u0142niane, wiskozowe, bawe\u0142niane\" \/>\n<meta name=\"robots\" content=\"index, follow, max-snippet:-1, max-image-preview:large, max-video-preview:-1\" \/>\n<link rel=\"canonical\" href=\"https:\/\/verigo.eu\/\" \/>\n<meta property=\"og:locale\" content=\"pl_PL\" \/>\n<meta property=\"og:type\" content=\"article\" \/>\n<meta property=\"og:title\" content=\"Eleganckie ubrania damskie: sukienki \u017cakiety spodnie i inne - Sklep na Biela\u0144skiej 6\" \/>\n<meta property=\"og:description\" content=\"Szycie na miar\u0119 i sprzeda\u017c eleganckich ubra\u0144 damskich. \u017bakiety, sukienki, spodnie, bluzki, p\u0142aszcze, we\u0142niane, wiskozowe, bawe\u0142niane\" \/>\n<meta property=\"og:url\" content=\"https:\/\/verigo.eu\/\" \/>\n<meta property=\"og:site_name\" content=\"Sklep na Biela\u0144skiej 6\" \/>\n<meta property=\"article:publisher\" content=\"https:\/\/www.facebook.com\/share\/1Cbtke1F4g\/\" \/>\n<meta property=\"article:modified_time\" content=\"2025-10-28T11:03:04+00:00\" \/>\n<meta property=\"og:image\" content=\"https:\/\/verigo.eu\/wp-content\/uploads\/2025\/09\/ponaglowek.jpg\" \/>\n\t<meta property=\"og:image:width\" content=\"1230\" \/>\n\t<meta property=\"og:image:height\" content=\"432\" \/>\n\t<meta property=\"og:image:type\" content=\"image\/jpeg\" \/>\n<meta name=\"twitter:card\" content=\"summary_large_image\" \/>\n<meta name=\"twitter:label1\" content=\"Szacowany czas czytania\" \/>\n\t<meta name=\"twitter:data1\" content=\"2 minuty\" \/>\n<script type=\"application\/ld+json\" class=\"yoast-schema-graph\">{\"@context\":\"https:\\\/\\\/schema.org\",\"@graph\":[{\"@type\":\"WebPage\",\"@id\":\"https:\\\/\\\/verigo.eu\\\/\",\"url\":\"https:\\\/\\\/verigo.eu\\\/\",\"name\":\"Eleganckie ubrania damskie: sukienki \u017cakiety spodnie i inne - Sklep na Biela\u0144skiej 6\",\"isPartOf\":{\"@id\":\"https:\\\/\\\/verigo.eu\\\/#website\"},\"primaryImageOfPage\":{\"@id\":\"https:\\\/\\\/verigo.eu\\\/#primaryimage\"},\"image\":{\"@id\":\"https:\\\/\\\/verigo.eu\\\/#primaryimage\"},\"thumbnailUrl\":\"https:\\\/\\\/verigo.eu\\\/wp-content\\\/uploads\\\/2025\\\/09\\\/ponaglowek-1024x360.jpg\",\"datePublished\":\"2025-09-10T09:18:46+00:00\",\"dateModified\":\"2025-10-28T11:03:04+00:00\",\"description\":\"Szycie na miar\u0119 i sprzeda\u017c eleganckich ubra\u0144 damskich. \u017bakiety, sukienki, spodnie, bluzki, p\u0142aszcze, we\u0142niane, wiskozowe, bawe\u0142niane\",\"breadcrumb\":{\"@id\":\"https:\\\/\\\/verigo.eu\\\/#breadcrumb\"},\"inLanguage\":\"pl-PL\",\"potentialAction\":[{\"@type\":\"ReadAction\",\"target\":[\"https:\\\/\\\/verigo.eu\\\/\"]}]},{\"@type\":\"ImageObject\",\"inLanguage\":\"pl-PL\",\"@id\":\"https:\\\/\\\/verigo.eu\\\/#primaryimage\",\"url\":\"https:\\\/\\\/verigo.eu\\\/wp-content\\\/uploads\\\/2025\\\/09\\\/ponaglowek.jpg\",\"contentUrl\":\"https:\\\/\\\/verigo.eu\\\/wp-content\\\/uploads\\\/2025\\\/09\\\/ponaglowek.jpg\",\"width\":1230,\"height\":432,\"caption\":\"sklep z odzie\u017c\u0105 damsk\u0105\"},{\"@type\":\"BreadcrumbList\",\"@id\":\"https:\\\/\\\/verigo.eu\\\/#breadcrumb\",\"itemListElement\":[{\"@type\":\"ListItem\",\"position\":1,\"name\":\"Strona g\u0142\u00f3wna\",\"item\":\"https:\\\/\\\/verigo.eu\\\/\"},{\"@type\":\"ListItem\",\"position\":2,\"name\":\"Witamy w VERIGO\"}]},{\"@type\":\"WebSite\",\"@id\":\"https:\\\/\\\/verigo.eu\\\/#website\",\"url\":\"https:\\\/\\\/verigo.eu\\\/\",\"name\":\"Sklep na Biela\u0144skiej\",\"description\":\"Biela\u0144ska 6 , Warszawa, tel. 511 227 767\",\"publisher\":{\"@id\":\"https:\\\/\\\/verigo.eu\\\/#organization\"},\"alternateName\":\"elegancka klasyczna odzie\u017c damska\",\"potentialAction\":[{\"@type\":\"SearchAction\",\"target\":{\"@type\":\"EntryPoint\",\"urlTemplate\":\"https:\\\/\\\/verigo.eu\\\/?s={search_term_string}\"},\"query-input\":{\"@type\":\"PropertyValueSpecification\",\"valueRequired\":true,\"valueName\":\"search_term_string\"}}],\"inLanguage\":\"pl-PL\"},{\"@type\":\"Organization\",\"@id\":\"https:\\\/\\\/verigo.eu\\\/#organization\",\"name\":\"Sklep na Biela\u0144skiej\",\"alternateName\":\"Verigo-elegancka klasyczna odzie\u017c damska\",\"url\":\"https:\\\/\\\/verigo.eu\\\/\",\"logo\":{\"@type\":\"ImageObject\",\"inLanguage\":\"pl-PL\",\"@id\":\"https:\\\/\\\/verigo.eu\\\/#\\\/schema\\\/logo\\\/image\\\/\",\"url\":\"https:\\\/\\\/verigo.eu\\\/wp-content\\\/uploads\\\/2025\\\/10\\\/logo-Orginalkopia-jasne-tlo-2-1-scaled.jpg\",\"contentUrl\":\"https:\\\/\\\/verigo.eu\\\/wp-content\\\/uploads\\\/2025\\\/10\\\/logo-Orginalkopia-jasne-tlo-2-1-scaled.jpg\",\"width\":2560,\"height\":2476,\"caption\":\"Sklep na Biela\u0144skiej\"},\"image\":{\"@id\":\"https:\\\/\\\/verigo.eu\\\/#\\\/schema\\\/logo\\\/image\\\/\"},\"sameAs\":[\"https:\\\/\\\/www.facebook.com\\\/share\\\/1Cbtke1F4g\\\/\",\"https:\\\/\\\/instagram.com\\\/verigoodziezdamska\\\/\"]}]}<\/script>\n<!-- \/ Yoast SEO plugin. -->","yoast_head_json":{"title":"Eleganckie ubrania damskie: sukienki \u017cakiety spodnie i inne - Sklep na Biela\u0144skiej 6","description":"Szycie na miar\u0119 i sprzeda\u017c eleganckich ubra\u0144 damskich. \u017bakiety, sukienki, spodnie, bluzki, p\u0142aszcze, we\u0142niane, wiskozowe, bawe\u0142niane","robots":{"index":"index","follow":"follow","max-snippet":"max-snippet:-1","max-image-preview":"max-image-preview:large","max-video-preview":"max-video-preview:-1"},"canonical":"https:\/\/verigo.eu\/","og_locale":"pl_PL","og_type":"article","og_title":"Eleganckie ubrania damskie: sukienki \u017cakiety spodnie i inne - Sklep na Biela\u0144skiej 6","og_description":"Szycie na miar\u0119 i sprzeda\u017c eleganckich ubra\u0144 damskich. \u017bakiety, sukienki, spodnie, bluzki, p\u0142aszcze, we\u0142niane, wiskozowe, bawe\u0142niane","og_url":"https:\/\/verigo.eu\/","og_site_name":"Sklep na Biela\u0144skiej 6","article_publisher":"https:\/\/www.facebook.com\/share\/1Cbtke1F4g\/","article_modified_time":"2025-10-28T11:03:04+00:00","og_image":[{"width":1230,"height":432,"url":"https:\/\/verigo.eu\/wp-content\/uploads\/2025\/09\/ponaglowek.jpg","type":"image\/jpeg"}],"twitter_card":"summary_large_image","twitter_misc":{"Szacowany czas czytania":"2 minuty"},"schema":{"@context":"https:\/\/schema.org","@graph":[{"@type":"WebPage","@id":"https:\/\/verigo.eu\/","url":"https:\/\/verigo.eu\/","name":"Eleganckie ubrania damskie: sukienki \u017cakiety spodnie i inne - Sklep na Biela\u0144skiej 6","isPartOf":{"@id":"https:\/\/verigo.eu\/#website"},"primaryImageOfPage":{"@id":"https:\/\/verigo.eu\/#primaryimage"},"image":{"@id":"https:\/\/verigo.eu\/#primaryimage"},"thumbnailUrl":"https:\/\/verigo.eu\/wp-content\/uploads\/2025\/09\/ponaglowek-1024x360.jpg","datePublished":"2025-09-10T09:18:46+00:00","dateModified":"2025-10-28T11:03:04+00:00","description":"Szycie na miar\u0119 i sprzeda\u017c eleganckich ubra\u0144 damskich. \u017bakiety, sukienki, spodnie, bluzki, p\u0142aszcze, we\u0142niane, wiskozowe, bawe\u0142niane","breadcrumb":{"@id":"https:\/\/verigo.eu\/#breadcrumb"},"inLanguage":"pl-PL","potentialAction":[{"@type":"ReadAction","target":["https:\/\/verigo.eu\/"]}]},{"@type":"ImageObject","inLanguage":"pl-PL","@id":"https:\/\/verigo.eu\/#primaryimage","url":"https:\/\/verigo.eu\/wp-content\/uploads\/2025\/09\/ponaglowek.jpg","contentUrl":"https:\/\/verigo.eu\/wp-content\/uploads\/2025\/09\/ponaglowek.jpg","width":1230,"height":432,"caption":"sklep z odzie\u017c\u0105 damsk\u0105"},{"@type":"BreadcrumbList","@id":"https:\/\/verigo.eu\/#breadcrumb","itemListElement":[{"@type":"ListItem","position":1,"name":"Strona g\u0142\u00f3wna","item":"https:\/\/verigo.eu\/"},{"@type":"ListItem","position":2,"name":"Witamy w VERIGO"}]},{"@type":"WebSite","@id":"https:\/\/verigo.eu\/#website","url":"https:\/\/verigo.eu\/","name":"Sklep na Biela\u0144skiej","description":"Biela\u0144ska 6 , Warszawa, tel. 511 227 767","publisher":{"@id":"https:\/\/verigo.eu\/#organization"},"alternateName":"elegancka klasyczna odzie\u017c damska","potentialAction":[{"@type":"SearchAction","target":{"@type":"EntryPoint","urlTemplate":"https:\/\/verigo.eu\/?s={search_term_string}"},"query-input":{"@type":"PropertyValueSpecification","valueRequired":true,"valueName":"search_term_string"}}],"inLanguage":"pl-PL"},{"@type":"Organization","@id":"https:\/\/verigo.eu\/#organization","name":"Sklep na Biela\u0144skiej","alternateName":"Verigo-elegancka klasyczna odzie\u017c damska","url":"https:\/\/verigo.eu\/","logo":{"@type":"ImageObject","inLanguage":"pl-PL","@id":"https:\/\/verigo.eu\/#\/schema\/logo\/image\/","url":"https:\/\/verigo.eu\/wp-content\/uploads\/2025\/10\/logo-Orginalkopia-jasne-tlo-2-1-scaled.jpg","contentUrl":"https:\/\/verigo.eu\/wp-content\/uploads\/2025\/10\/logo-Orginalkopia-jasne-tlo-2-1-scaled.jpg","width":2560,"height":2476,"caption":"Sklep na Biela\u0144skiej"},"image":{"@id":"https:\/\/verigo.eu\/#\/schema\/logo\/image\/"},"sameAs":["https:\/\/www.facebook.com\/share\/1Cbtke1F4g\/","https:\/\/instagram.com\/verigoodziezdamska\/"]}]}},"_links":{"self":[{"href":"https:\/\/verigo.eu\/index.php\/wp-json\/wp\/v2\/pages\/53","targetHints":{"allow":["GET"]}}],"collection":[{"href":"https:\/\/verigo.eu\/index.php\/wp-json\/wp\/v2\/pages"}],"about":[{"href":"https:\/\/verigo.eu\/index.php\/wp-json\/wp\/v2\/types\/page"}],"author":[{"embeddable":true,"href":"https:\/\/verigo.eu\/index.php\/wp-json\/wp\/v2\/users\/1"}],"replies":[{"embeddable":true,"href":"https:\/\/verigo.eu\/index.php\/wp-json\/wp\/v2\/comments?post=53"}],"version-history":[{"count":47,"href":"https:\/\/verigo.eu\/index.php\/wp-json\/wp\/v2\/pages\/53\/revisions"}],"predecessor-version":[{"id":638,"href":"https:\/\/verigo.eu\/index.php\/wp-json\/wp\/v2\/pages\/53\/revisions\/638"}],"wp:attachment":[{"href":"https:\/\/verigo.eu\/index.php\/wp-json\/wp\/v2\/media?parent=53"}],"curies":[{"name":"wp","href":"https:\/\/api.w.org\/{rel}","templated":true}]}}