{"id":47,"date":"2025-09-12T03:53:46","date_gmt":"2025-09-12T03:53:46","guid":{"rendered":"https:\/\/verigo.eu\/?page_id=47"},"modified":"2025-10-28T16:09:02","modified_gmt":"2025-10-28T16:09:02","slug":"gotowe-ubrania-damskie","status":"publish","type":"page","link":"https:\/\/verigo.eu\/index.php\/gotowe-ubrania-damskie\/","title":{"rendered":"ubrania gotowe"},"content":{"rendered":"\n<figure class=\"wp-block-image size-large\"><a href=\"https:\/\/verigo.eu\/index.php\/o-nas\/\"><img loading=\"lazy\" decoding=\"async\" width=\"1024\" height=\"418\" src=\"https:\/\/verigo.eu\/wp-content\/uploads\/2025\/09\/ubrania-gotowe-1024x418.jpg\" alt=\"ubrania damskie\" class=\"wp-image-436\" srcset=\"https:\/\/verigo.eu\/wp-content\/uploads\/2025\/09\/ubrania-gotowe-1024x418.jpg 1024w, https:\/\/verigo.eu\/wp-content\/uploads\/2025\/09\/ubrania-gotowe-300x122.jpg 300w, https:\/\/verigo.eu\/wp-content\/uploads\/2025\/09\/ubrania-gotowe-768x313.jpg 768w, https:\/\/verigo.eu\/wp-content\/uploads\/2025\/09\/ubrania-gotowe.jpg 1236w\" sizes=\"auto, (max-width: 1024px) 100vw, 1024px\" \/><\/a><\/figure>\n\n\n\n<h2 class=\"wp-block-heading alignwide has-text-align-center has-larger-font-size\"><strong>Gotowe ubrania damskie<\/strong><\/h2>\n\n\n\n<p class=\"has-regular-font-size\">Nasz sklep z odzie\u017c\u0105 damsk\u0105 oferuje damskie ubrania gotowe. Eleganckie <a href=\"https:\/\/verigo.eu\/index.php\/gotowe-ubrania-damskie\/sukienki\/\"><mark style=\"background-color:rgba(0, 0, 0, 0)\" class=\"has-inline-color has-blue-color\"><strong>sukienki<\/strong><\/mark><\/a>, <a href=\"https:\/\/verigo.eu\/index.php\/gotowe-ubrania-damskie\/spodnice-wiskozowe-welniane-bawelniane\/\"><strong><mark style=\"background-color:rgba(0, 0, 0, 0)\" class=\"has-inline-color has-blue-color\">sp\u00f3dnice<\/mark><\/strong><\/a>, <a href=\"https:\/\/verigo.eu\/index.php\/gotowe-ubrania-damskie\/spodnie-damskie\/\"><mark style=\"background-color:rgba(0, 0, 0, 0)\" class=\"has-inline-color has-blue-color\"><strong>spodnie<\/strong><\/mark><\/a>, bluzki dzianinowe jednobarwne i bluzki kolorowe, wdzianka, kurtki i kurteczki oraz dodatki. Ca\u0142y czas mamy te\u017c wieszak<a href=\"https:\/\/verigo.eu\/index.php\/promocje\/\"> <strong><mark style=\"background-color:rgba(0, 0, 0, 0)\" class=\"has-inline-color has-blue-color\">outletowy<\/mark><\/strong><\/a>. S\u0105 na nim pojedyncze sztuki, bez wyboru rozmiar\u00f3w ale za to w bardzo atrakcyjnych cenach.szyjemy ubrania gotowe w rozmiarach do 46 z tym, \u017ce ubrania w rozmiarze 46 odpowiadaj\u0105 raczej ubraniom +size w wielu innych sklepach i co wi\u0119cej najcz\u0119\u015bciej mo\u017cna jeszcze takie ubranie troch\u0119 powi\u0119kszy\u0107.<\/p>\n\n\n\n<figure class=\"wp-block-image size-full is-resized\"><a href=\"https:\/\/verigo.eu\/index.php\/gotowe-ubrania-damskie\/sukienki\/\"><img loading=\"lazy\" decoding=\"async\" width=\"645\" height=\"258\" src=\"https:\/\/verigo.eu\/wp-content\/uploads\/2025\/09\/suk-5a.jpg\" alt=\"przyk\u0142ady naszych eleganckich sukienek\" class=\"wp-image-138\" style=\"width:840px;height:auto\" srcset=\"https:\/\/verigo.eu\/wp-content\/uploads\/2025\/09\/suk-5a.jpg 645w, https:\/\/verigo.eu\/wp-content\/uploads\/2025\/09\/suk-5a-300x120.jpg 300w\" sizes=\"auto, (max-width: 645px) 100vw, 645px\" \/><\/a><\/figure>\n\n\n\n<p>przyk\u0142ady gotowych  sukienek oferowanych w sklepie.<\/p>\n\n\n\n<figure class=\"wp-block-image size-full is-resized\"><img loading=\"lazy\" decoding=\"async\" width=\"651\" height=\"321\" src=\"https:\/\/verigo.eu\/wp-content\/uploads\/2025\/09\/suk-5b.jpg\" alt=\"\" class=\"wp-image-151\" style=\"width:840px;height:auto\" srcset=\"https:\/\/verigo.eu\/wp-content\/uploads\/2025\/09\/suk-5b.jpg 651w, https:\/\/verigo.eu\/wp-content\/uploads\/2025\/09\/suk-5b-300x148.jpg 300w\" sizes=\"auto, (max-width: 651px) 100vw, 651px\" \/><\/figure>\n\n\n\n<p>przyk\u0142ady gotowych spodni,bluzek i kostium\u00f3w<\/p>\n\n\n\n<figure class=\"wp-block-pullquote\"><blockquote><p>Nowe ubrania dostarczamy do sklepu nawet kilka razy w tygodniu. Nowo\u015bci mo\u017cna zobaczy\u0107 na naszej stronie na facebook`u: <a href=\"https:\/\/www.facebook.com\/share\/1Cbtke1F4g\/\"><strong><mark style=\"background-color:rgba(0, 0, 0, 0)\" class=\"has-inline-color has-blue-color\">Verigo Odzie\u017c Damska<\/mark><\/strong><\/a><\/p><\/blockquote><\/figure>\n\n\n\n<p><\/p>\n","protected":false},"excerpt":{"rendered":"<p>Gotowe ubrania damskie Nasz sklep z odzie\u017c\u0105 damsk\u0105 oferuje damskie ubrania gotowe. Eleganckie sukienki, sp\u00f3dnice, spodnie, bluzki dzianinowe jednobarwne i bluzki kolorowe, wdzianka, kurtki i kurteczki oraz dodatki. Ca\u0142y czas mamy te\u017c wieszak outletowy. S\u0105 na nim pojedyncze sztuki, bez wyboru rozmiar\u00f3w ale za to [&hellip;]<\/p>\n","protected":false},"author":1,"featured_media":0,"parent":0,"menu_order":0,"comment_status":"closed","ping_status":"closed","template":"","meta":{"_monsterinsights_skip_tracking":false,"_monsterinsights_sitenote_active":false,"_monsterinsights_sitenote_note":"","_monsterinsights_sitenote_category":0,"footnotes":""},"class_list":["post-47","page","type-page","status-publish","hentry"],"yoast_head":"<!-- This site is optimized with the Yoast SEO plugin v27.5 - https:\/\/yoast.com\/product\/yoast-seo-wordpress\/ -->\n<title>ubrania gotowe - Sklep na Biela\u0144skiej 6<\/title>\n<meta name=\"description\" content=\"Gotowe ubrania damskie, \u017cakiety sukienki spodnie p\u0142aszcze sp\u00f3dnice z tkanin naturalnych. Rozmiary 36-46. Dopasowujemy ubrania do figury.\" \/>\n<meta name=\"robots\" content=\"index, follow, max-snippet:-1, max-image-preview:large, max-video-preview:-1\" \/>\n<link rel=\"canonical\" href=\"https:\/\/verigo.eu\/index.php\/gotowe-ubrania-damskie\/\" \/>\n<meta property=\"og:locale\" content=\"pl_PL\" \/>\n<meta property=\"og:type\" content=\"article\" \/>\n<meta property=\"og:title\" content=\"ubrania gotowe - Sklep na Biela\u0144skiej 6\" \/>\n<meta property=\"og:description\" content=\"Gotowe ubrania damskie, \u017cakiety sukienki spodnie p\u0142aszcze sp\u00f3dnice z tkanin naturalnych. Rozmiary 36-46. Dopasowujemy ubrania do figury.\" \/>\n<meta property=\"og:url\" content=\"https:\/\/verigo.eu\/index.php\/gotowe-ubrania-damskie\/\" \/>\n<meta property=\"og:site_name\" content=\"Sklep na Biela\u0144skiej 6\" \/>\n<meta property=\"article:publisher\" content=\"https:\/\/www.facebook.com\/share\/1Cbtke1F4g\/\" \/>\n<meta property=\"article:modified_time\" content=\"2025-10-28T16:09:02+00:00\" \/>\n<meta property=\"og:image\" content=\"https:\/\/verigo.eu\/wp-content\/uploads\/2025\/09\/ubrania-gotowe.jpg\" \/>\n\t<meta property=\"og:image:width\" content=\"1236\" \/>\n\t<meta property=\"og:image:height\" content=\"504\" \/>\n\t<meta property=\"og:image:type\" content=\"image\/jpeg\" \/>\n<meta name=\"twitter:card\" content=\"summary_large_image\" \/>\n<meta name=\"twitter:label1\" content=\"Szacowany czas czytania\" \/>\n\t<meta name=\"twitter:data1\" content=\"2 minuty\" \/>\n<script type=\"application\/ld+json\" class=\"yoast-schema-graph\">{\"@context\":\"https:\\\/\\\/schema.org\",\"@graph\":[{\"@type\":\"WebPage\",\"@id\":\"https:\\\/\\\/verigo.eu\\\/index.php\\\/gotowe-ubrania-damskie\\\/\",\"url\":\"https:\\\/\\\/verigo.eu\\\/index.php\\\/gotowe-ubrania-damskie\\\/\",\"name\":\"ubrania gotowe - Sklep na Biela\u0144skiej 6\",\"isPartOf\":{\"@id\":\"https:\\\/\\\/verigo.eu\\\/#website\"},\"primaryImageOfPage\":{\"@id\":\"https:\\\/\\\/verigo.eu\\\/index.php\\\/gotowe-ubrania-damskie\\\/#primaryimage\"},\"image\":{\"@id\":\"https:\\\/\\\/verigo.eu\\\/index.php\\\/gotowe-ubrania-damskie\\\/#primaryimage\"},\"thumbnailUrl\":\"https:\\\/\\\/verigo.eu\\\/wp-content\\\/uploads\\\/2025\\\/09\\\/ubrania-gotowe-1024x418.jpg\",\"datePublished\":\"2025-09-12T03:53:46+00:00\",\"dateModified\":\"2025-10-28T16:09:02+00:00\",\"description\":\"Gotowe ubrania damskie, \u017cakiety sukienki spodnie p\u0142aszcze sp\u00f3dnice z tkanin naturalnych. Rozmiary 36-46. Dopasowujemy ubrania do figury.\",\"breadcrumb\":{\"@id\":\"https:\\\/\\\/verigo.eu\\\/index.php\\\/gotowe-ubrania-damskie\\\/#breadcrumb\"},\"inLanguage\":\"pl-PL\",\"potentialAction\":[{\"@type\":\"ReadAction\",\"target\":[\"https:\\\/\\\/verigo.eu\\\/index.php\\\/gotowe-ubrania-damskie\\\/\"]}]},{\"@type\":\"ImageObject\",\"inLanguage\":\"pl-PL\",\"@id\":\"https:\\\/\\\/verigo.eu\\\/index.php\\\/gotowe-ubrania-damskie\\\/#primaryimage\",\"url\":\"https:\\\/\\\/verigo.eu\\\/wp-content\\\/uploads\\\/2025\\\/09\\\/ubrania-gotowe.jpg\",\"contentUrl\":\"https:\\\/\\\/verigo.eu\\\/wp-content\\\/uploads\\\/2025\\\/09\\\/ubrania-gotowe.jpg\",\"width\":1236,\"height\":504,\"caption\":\"ubrania damskie\"},{\"@type\":\"BreadcrumbList\",\"@id\":\"https:\\\/\\\/verigo.eu\\\/index.php\\\/gotowe-ubrania-damskie\\\/#breadcrumb\",\"itemListElement\":[{\"@type\":\"ListItem\",\"position\":1,\"name\":\"Strona g\u0142\u00f3wna\",\"item\":\"https:\\\/\\\/verigo.eu\\\/\"},{\"@type\":\"ListItem\",\"position\":2,\"name\":\"ubrania gotowe\"}]},{\"@type\":\"WebSite\",\"@id\":\"https:\\\/\\\/verigo.eu\\\/#website\",\"url\":\"https:\\\/\\\/verigo.eu\\\/\",\"name\":\"Sklep na Biela\u0144skiej\",\"description\":\"Biela\u0144ska 6 , Warszawa, tel. 511 227 767\",\"publisher\":{\"@id\":\"https:\\\/\\\/verigo.eu\\\/#organization\"},\"alternateName\":\"elegancka klasyczna odzie\u017c damska\",\"potentialAction\":[{\"@type\":\"SearchAction\",\"target\":{\"@type\":\"EntryPoint\",\"urlTemplate\":\"https:\\\/\\\/verigo.eu\\\/?s={search_term_string}\"},\"query-input\":{\"@type\":\"PropertyValueSpecification\",\"valueRequired\":true,\"valueName\":\"search_term_string\"}}],\"inLanguage\":\"pl-PL\"},{\"@type\":\"Organization\",\"@id\":\"https:\\\/\\\/verigo.eu\\\/#organization\",\"name\":\"Sklep na Biela\u0144skiej\",\"alternateName\":\"Verigo-elegancka klasyczna odzie\u017c damska\",\"url\":\"https:\\\/\\\/verigo.eu\\\/\",\"logo\":{\"@type\":\"ImageObject\",\"inLanguage\":\"pl-PL\",\"@id\":\"https:\\\/\\\/verigo.eu\\\/#\\\/schema\\\/logo\\\/image\\\/\",\"url\":\"https:\\\/\\\/verigo.eu\\\/wp-content\\\/uploads\\\/2025\\\/10\\\/logo-Orginalkopia-jasne-tlo-2-1-scaled.jpg\",\"contentUrl\":\"https:\\\/\\\/verigo.eu\\\/wp-content\\\/uploads\\\/2025\\\/10\\\/logo-Orginalkopia-jasne-tlo-2-1-scaled.jpg\",\"width\":2560,\"height\":2476,\"caption\":\"Sklep na Biela\u0144skiej\"},\"image\":{\"@id\":\"https:\\\/\\\/verigo.eu\\\/#\\\/schema\\\/logo\\\/image\\\/\"},\"sameAs\":[\"https:\\\/\\\/www.facebook.com\\\/share\\\/1Cbtke1F4g\\\/\",\"https:\\\/\\\/instagram.com\\\/verigoodziezdamska\\\/\"]}]}<\/script>\n<!-- \/ Yoast SEO plugin. -->","yoast_head_json":{"title":"ubrania gotowe - Sklep na Biela\u0144skiej 6","description":"Gotowe ubrania damskie, \u017cakiety sukienki spodnie p\u0142aszcze sp\u00f3dnice z tkanin naturalnych. Rozmiary 36-46. Dopasowujemy ubrania do figury.","robots":{"index":"index","follow":"follow","max-snippet":"max-snippet:-1","max-image-preview":"max-image-preview:large","max-video-preview":"max-video-preview:-1"},"canonical":"https:\/\/verigo.eu\/index.php\/gotowe-ubrania-damskie\/","og_locale":"pl_PL","og_type":"article","og_title":"ubrania gotowe - Sklep na Biela\u0144skiej 6","og_description":"Gotowe ubrania damskie, \u017cakiety sukienki spodnie p\u0142aszcze sp\u00f3dnice z tkanin naturalnych. Rozmiary 36-46. Dopasowujemy ubrania do figury.","og_url":"https:\/\/verigo.eu\/index.php\/gotowe-ubrania-damskie\/","og_site_name":"Sklep na Biela\u0144skiej 6","article_publisher":"https:\/\/www.facebook.com\/share\/1Cbtke1F4g\/","article_modified_time":"2025-10-28T16:09:02+00:00","og_image":[{"width":1236,"height":504,"url":"https:\/\/verigo.eu\/wp-content\/uploads\/2025\/09\/ubrania-gotowe.jpg","type":"image\/jpeg"}],"twitter_card":"summary_large_image","twitter_misc":{"Szacowany czas czytania":"2 minuty"},"schema":{"@context":"https:\/\/schema.org","@graph":[{"@type":"WebPage","@id":"https:\/\/verigo.eu\/index.php\/gotowe-ubrania-damskie\/","url":"https:\/\/verigo.eu\/index.php\/gotowe-ubrania-damskie\/","name":"ubrania gotowe - Sklep na Biela\u0144skiej 6","isPartOf":{"@id":"https:\/\/verigo.eu\/#website"},"primaryImageOfPage":{"@id":"https:\/\/verigo.eu\/index.php\/gotowe-ubrania-damskie\/#primaryimage"},"image":{"@id":"https:\/\/verigo.eu\/index.php\/gotowe-ubrania-damskie\/#primaryimage"},"thumbnailUrl":"https:\/\/verigo.eu\/wp-content\/uploads\/2025\/09\/ubrania-gotowe-1024x418.jpg","datePublished":"2025-09-12T03:53:46+00:00","dateModified":"2025-10-28T16:09:02+00:00","description":"Gotowe ubrania damskie, \u017cakiety sukienki spodnie p\u0142aszcze sp\u00f3dnice z tkanin naturalnych. Rozmiary 36-46. Dopasowujemy ubrania do figury.","breadcrumb":{"@id":"https:\/\/verigo.eu\/index.php\/gotowe-ubrania-damskie\/#breadcrumb"},"inLanguage":"pl-PL","potentialAction":[{"@type":"ReadAction","target":["https:\/\/verigo.eu\/index.php\/gotowe-ubrania-damskie\/"]}]},{"@type":"ImageObject","inLanguage":"pl-PL","@id":"https:\/\/verigo.eu\/index.php\/gotowe-ubrania-damskie\/#primaryimage","url":"https:\/\/verigo.eu\/wp-content\/uploads\/2025\/09\/ubrania-gotowe.jpg","contentUrl":"https:\/\/verigo.eu\/wp-content\/uploads\/2025\/09\/ubrania-gotowe.jpg","width":1236,"height":504,"caption":"ubrania damskie"},{"@type":"BreadcrumbList","@id":"https:\/\/verigo.eu\/index.php\/gotowe-ubrania-damskie\/#breadcrumb","itemListElement":[{"@type":"ListItem","position":1,"name":"Strona g\u0142\u00f3wna","item":"https:\/\/verigo.eu\/"},{"@type":"ListItem","position":2,"name":"ubrania gotowe"}]},{"@type":"WebSite","@id":"https:\/\/verigo.eu\/#website","url":"https:\/\/verigo.eu\/","name":"Sklep na Biela\u0144skiej","description":"Biela\u0144ska 6 , Warszawa, tel. 511 227 767","publisher":{"@id":"https:\/\/verigo.eu\/#organization"},"alternateName":"elegancka klasyczna odzie\u017c damska","potentialAction":[{"@type":"SearchAction","target":{"@type":"EntryPoint","urlTemplate":"https:\/\/verigo.eu\/?s={search_term_string}"},"query-input":{"@type":"PropertyValueSpecification","valueRequired":true,"valueName":"search_term_string"}}],"inLanguage":"pl-PL"},{"@type":"Organization","@id":"https:\/\/verigo.eu\/#organization","name":"Sklep na Biela\u0144skiej","alternateName":"Verigo-elegancka klasyczna odzie\u017c damska","url":"https:\/\/verigo.eu\/","logo":{"@type":"ImageObject","inLanguage":"pl-PL","@id":"https:\/\/verigo.eu\/#\/schema\/logo\/image\/","url":"https:\/\/verigo.eu\/wp-content\/uploads\/2025\/10\/logo-Orginalkopia-jasne-tlo-2-1-scaled.jpg","contentUrl":"https:\/\/verigo.eu\/wp-content\/uploads\/2025\/10\/logo-Orginalkopia-jasne-tlo-2-1-scaled.jpg","width":2560,"height":2476,"caption":"Sklep na Biela\u0144skiej"},"image":{"@id":"https:\/\/verigo.eu\/#\/schema\/logo\/image\/"},"sameAs":["https:\/\/www.facebook.com\/share\/1Cbtke1F4g\/","https:\/\/instagram.com\/verigoodziezdamska\/"]}]}},"_links":{"self":[{"href":"https:\/\/verigo.eu\/index.php\/wp-json\/wp\/v2\/pages\/47","targetHints":{"allow":["GET"]}}],"collection":[{"href":"https:\/\/verigo.eu\/index.php\/wp-json\/wp\/v2\/pages"}],"about":[{"href":"https:\/\/verigo.eu\/index.php\/wp-json\/wp\/v2\/types\/page"}],"author":[{"embeddable":true,"href":"https:\/\/verigo.eu\/index.php\/wp-json\/wp\/v2\/users\/1"}],"replies":[{"embeddable":true,"href":"https:\/\/verigo.eu\/index.php\/wp-json\/wp\/v2\/comments?post=47"}],"version-history":[{"count":36,"href":"https:\/\/verigo.eu\/index.php\/wp-json\/wp\/v2\/pages\/47\/revisions"}],"predecessor-version":[{"id":640,"href":"https:\/\/verigo.eu\/index.php\/wp-json\/wp\/v2\/pages\/47\/revisions\/640"}],"wp:attachment":[{"href":"https:\/\/verigo.eu\/index.php\/wp-json\/wp\/v2\/media?parent=47"}],"curies":[{"name":"wp","href":"https:\/\/api.w.org\/{rel}","templated":true}]}}