{"id":383,"date":"2025-09-18T03:50:23","date_gmt":"2025-09-18T03:50:23","guid":{"rendered":"https:\/\/verigo.eu\/?page_id=383"},"modified":"2025-11-02T06:10:50","modified_gmt":"2025-11-02T06:10:50","slug":"kostiumy","status":"publish","type":"page","link":"https:\/\/verigo.eu\/index.php\/gotowe-ubrania-damskie\/kostiumy\/","title":{"rendered":"kostiumy"},"content":{"rendered":"\n<p>Obecnie kostiumy<strong><mark style=\"background-color:rgba(0, 0, 0, 0)\" class=\"has-inline-color has-blue-color\"> <\/mark><a href=\"https:\/\/verigo.eu\/index.php\/szycie-na-miare\/\"><mark style=\"background-color:rgba(0, 0, 0, 0)\" class=\"has-inline-color has-blue-color\">szyjemy g\u0142\u00f3wnie<\/mark><\/a><mark style=\"background-color:rgba(0, 0, 0, 0)\" class=\"has-inline-color has-blue-color\"><a href=\"https:\/\/verigo.eu\/index.php\/szycie-na-miare\/\"> <\/a><\/mark><a href=\"https:\/\/verigo.eu\/index.php\/szycie-na-miare\/\"><mark style=\"background-color:rgba(0, 0, 0, 0)\" class=\"has-inline-color has-blue-color\">na zam\u00f3wienie<\/mark><\/a><\/strong>. Do sklepu dostarczamy zar\u00f3wno kostiumy jak i komplety  rzeczy nawzajem do siebie pasuj\u0105ce. Np. sp\u00f3dnice czy spodnie do \u017cakietu z materia\u0142u pasuj\u0105cego ale nie identycznego. Staramy si\u0119 te\u017c by do \u017cakiet\u00f3w by\u0142y w naszej ofercie odpowiednie bluzki.<\/p>\n\n\n\n<p>Szyjemy kostiumy z bardzo zr\u00f3\u017cnicowanymi krojami \u017cakiet\u00f3w, co pozwala dobra\u0107 najlepszy kr\u00f3j \u017cakietu do sylwetki.<\/p>\n\n\n\n<p>R\u00f3wnie\u017c do\u0142y s\u0105 bardzo zr\u00f3\u017cnicowane. Opr\u00f3cz sp\u00f3dnic proponujemy r\u00f3wnie\u017c spodnie.<\/p>\n\n\n\n<p>Kostiumy-kilka przyk\u0142ad\u00f3w.  <\/p>\n\n\n\n<div class=\"wp-block-columns is-layout-flex wp-container-core-columns-is-layout-9d6595d7 wp-block-columns-is-layout-flex\">\n<div class=\"wp-block-column is-layout-flow wp-block-column-is-layout-flow\">\n<figure class=\"wp-block-image size-large is-resized\"><img loading=\"lazy\" decoding=\"async\" width=\"589\" height=\"1024\" src=\"https:\/\/verigo.eu\/wp-content\/uploads\/2025\/09\/IMG_2572-589x1024.jpg\" alt=\"kostium\" class=\"wp-image-384\" style=\"width:354px;height:auto\" srcset=\"https:\/\/verigo.eu\/wp-content\/uploads\/2025\/09\/IMG_2572-589x1024.jpg 589w, https:\/\/verigo.eu\/wp-content\/uploads\/2025\/09\/IMG_2572-173x300.jpg 173w, https:\/\/verigo.eu\/wp-content\/uploads\/2025\/09\/IMG_2572-768x1336.jpg 768w, https:\/\/verigo.eu\/wp-content\/uploads\/2025\/09\/IMG_2572-883x1536.jpg 883w, https:\/\/verigo.eu\/wp-content\/uploads\/2025\/09\/IMG_2572.jpg 1150w\" sizes=\"auto, (max-width: 589px) 100vw, 589px\" \/><\/figure>\n<\/div>\n\n\n\n<div class=\"wp-block-column is-layout-flow wp-block-column-is-layout-flow\">\n<figure class=\"wp-block-image size-large is-resized\"><img loading=\"lazy\" decoding=\"async\" width=\"349\" height=\"1024\" src=\"https:\/\/verigo.eu\/wp-content\/uploads\/2025\/09\/IMG_2682-349x1024.jpg\" alt=\"kostium\" class=\"wp-image-385\" style=\"width:209px;height:auto\" srcset=\"https:\/\/verigo.eu\/wp-content\/uploads\/2025\/09\/IMG_2682-349x1024.jpg 349w, https:\/\/verigo.eu\/wp-content\/uploads\/2025\/09\/IMG_2682-102x300.jpg 102w, https:\/\/verigo.eu\/wp-content\/uploads\/2025\/09\/IMG_2682-523x1536.jpg 523w, https:\/\/verigo.eu\/wp-content\/uploads\/2025\/09\/IMG_2682.jpg 662w\" sizes=\"auto, (max-width: 349px) 100vw, 349px\" \/><\/figure>\n<\/div>\n<\/div>\n\n\n\n<div class=\"wp-block-columns is-layout-flex wp-container-core-columns-is-layout-9d6595d7 wp-block-columns-is-layout-flex\">\n<div class=\"wp-block-column is-layout-flow wp-block-column-is-layout-flow\">\n<figure class=\"wp-block-image size-large is-resized\"><img loading=\"lazy\" decoding=\"async\" width=\"403\" height=\"1024\" src=\"https:\/\/verigo.eu\/wp-content\/uploads\/2025\/09\/IMG_2689-\u2014-kopia-403x1024.jpg\" alt=\"kostium\" class=\"wp-image-386\" style=\"width:251px;height:auto\" srcset=\"https:\/\/verigo.eu\/wp-content\/uploads\/2025\/09\/IMG_2689-\u2014-kopia-403x1024.jpg 403w, https:\/\/verigo.eu\/wp-content\/uploads\/2025\/09\/IMG_2689-\u2014-kopia-118x300.jpg 118w, https:\/\/verigo.eu\/wp-content\/uploads\/2025\/09\/IMG_2689-\u2014-kopia-604x1536.jpg 604w, https:\/\/verigo.eu\/wp-content\/uploads\/2025\/09\/IMG_2689-\u2014-kopia.jpg 768w\" sizes=\"auto, (max-width: 403px) 100vw, 403px\" \/><\/figure>\n<\/div>\n\n\n\n<div class=\"wp-block-column is-layout-flow wp-block-column-is-layout-flow\">\n<figure class=\"wp-block-image size-large is-resized\"><img loading=\"lazy\" decoding=\"async\" width=\"409\" height=\"1024\" src=\"https:\/\/verigo.eu\/wp-content\/uploads\/2025\/09\/IMG_2700-409x1024.jpg\" alt=\"kostium\" class=\"wp-image-387\" style=\"width:258px;height:auto\" srcset=\"https:\/\/verigo.eu\/wp-content\/uploads\/2025\/09\/IMG_2700-409x1024.jpg 409w, https:\/\/verigo.eu\/wp-content\/uploads\/2025\/09\/IMG_2700-120x300.jpg 120w, https:\/\/verigo.eu\/wp-content\/uploads\/2025\/09\/IMG_2700-768x1921.jpg 768w, https:\/\/verigo.eu\/wp-content\/uploads\/2025\/09\/IMG_2700-614x1536.jpg 614w, https:\/\/verigo.eu\/wp-content\/uploads\/2025\/09\/IMG_2700.jpg 777w\" sizes=\"auto, (max-width: 409px) 100vw, 409px\" \/><\/figure>\n<\/div>\n<\/div>\n\n\n\n<div class=\"wp-block-columns is-layout-flex wp-container-core-columns-is-layout-9d6595d7 wp-block-columns-is-layout-flex\">\n<div class=\"wp-block-column is-layout-flow wp-block-column-is-layout-flow\">\n<figure class=\"wp-block-image size-large is-resized\"><img loading=\"lazy\" decoding=\"async\" width=\"389\" height=\"1024\" src=\"https:\/\/verigo.eu\/wp-content\/uploads\/2025\/09\/IMG_2780-389x1024.jpg\" alt=\"kostium\" class=\"wp-image-388\" style=\"width:242px;height:auto\" srcset=\"https:\/\/verigo.eu\/wp-content\/uploads\/2025\/09\/IMG_2780-389x1024.jpg 389w, https:\/\/verigo.eu\/wp-content\/uploads\/2025\/09\/IMG_2780-114x300.jpg 114w, https:\/\/verigo.eu\/wp-content\/uploads\/2025\/09\/IMG_2780-584x1536.jpg 584w, https:\/\/verigo.eu\/wp-content\/uploads\/2025\/09\/IMG_2780.jpg 741w\" sizes=\"auto, (max-width: 389px) 100vw, 389px\" \/><\/figure>\n<\/div>\n\n\n\n<div class=\"wp-block-column is-layout-flow wp-block-column-is-layout-flow\">\n<figure class=\"wp-block-image size-large is-resized\"><img loading=\"lazy\" decoding=\"async\" width=\"359\" height=\"1024\" src=\"https:\/\/verigo.eu\/wp-content\/uploads\/2025\/09\/IMG_2801-359x1024.jpg\" alt=\"kostium\" class=\"wp-image-389\" style=\"width:226px;height:auto\" srcset=\"https:\/\/verigo.eu\/wp-content\/uploads\/2025\/09\/IMG_2801-359x1024.jpg 359w, https:\/\/verigo.eu\/wp-content\/uploads\/2025\/09\/IMG_2801-105x300.jpg 105w, https:\/\/verigo.eu\/wp-content\/uploads\/2025\/09\/IMG_2801-539x1536.jpg 539w, https:\/\/verigo.eu\/wp-content\/uploads\/2025\/09\/IMG_2801.jpg 681w\" sizes=\"auto, (max-width: 359px) 100vw, 359px\" \/><\/figure>\n<\/div>\n<\/div>\n\n\n\n<div class=\"wp-block-columns is-layout-flex wp-container-core-columns-is-layout-9d6595d7 wp-block-columns-is-layout-flex\">\n<div class=\"wp-block-column is-layout-flow wp-block-column-is-layout-flow\">\n<figure class=\"wp-block-image size-large is-resized\"><img loading=\"lazy\" decoding=\"async\" width=\"336\" height=\"1024\" src=\"https:\/\/verigo.eu\/wp-content\/uploads\/2025\/09\/IMG_3086a-336x1024.jpg\" alt=\"kostium\" class=\"wp-image-390\" style=\"width:257px;height:auto\" srcset=\"https:\/\/verigo.eu\/wp-content\/uploads\/2025\/09\/IMG_3086a-336x1024.jpg 336w, https:\/\/verigo.eu\/wp-content\/uploads\/2025\/09\/IMG_3086a-768x2339.jpg 768w, https:\/\/verigo.eu\/wp-content\/uploads\/2025\/09\/IMG_3086a-504x1536.jpg 504w, https:\/\/verigo.eu\/wp-content\/uploads\/2025\/09\/IMG_3086a-672x2048.jpg 672w, https:\/\/verigo.eu\/wp-content\/uploads\/2025\/09\/IMG_3086a-scaled.jpg 841w\" sizes=\"auto, (max-width: 336px) 100vw, 336px\" \/><\/figure>\n<\/div>\n\n\n\n<div class=\"wp-block-column is-layout-flow wp-block-column-is-layout-flow\">\n<figure class=\"wp-block-image size-large is-resized\"><img loading=\"lazy\" decoding=\"async\" width=\"322\" height=\"1024\" src=\"https:\/\/verigo.eu\/wp-content\/uploads\/2025\/09\/IMG_3161a-322x1024.jpg\" alt=\"kostium\" class=\"wp-image-391\" style=\"width:245px;height:auto\" srcset=\"https:\/\/verigo.eu\/wp-content\/uploads\/2025\/09\/IMG_3161a-322x1024.jpg 322w, https:\/\/verigo.eu\/wp-content\/uploads\/2025\/09\/IMG_3161a-94x300.jpg 94w, https:\/\/verigo.eu\/wp-content\/uploads\/2025\/09\/IMG_3161a-768x2442.jpg 768w, https:\/\/verigo.eu\/wp-content\/uploads\/2025\/09\/IMG_3161a-483x1536.jpg 483w, https:\/\/verigo.eu\/wp-content\/uploads\/2025\/09\/IMG_3161a-644x2048.jpg 644w, https:\/\/verigo.eu\/wp-content\/uploads\/2025\/09\/IMG_3161a-scaled.jpg 805w\" sizes=\"auto, (max-width: 322px) 100vw, 322px\" \/><\/figure>\n<\/div>\n<\/div>\n\n\n\n<div class=\"wp-block-columns is-layout-flex wp-container-core-columns-is-layout-9d6595d7 wp-block-columns-is-layout-flex\">\n<div class=\"wp-block-column is-layout-flow wp-block-column-is-layout-flow\">\n<figure class=\"wp-block-image size-large is-resized\"><img loading=\"lazy\" decoding=\"async\" width=\"409\" height=\"1024\" src=\"https:\/\/verigo.eu\/wp-content\/uploads\/2025\/10\/IMG_4575-409x1024.jpg\" alt=\"kostium czarny\" class=\"wp-image-666\" style=\"width:240px;height:auto\" srcset=\"https:\/\/verigo.eu\/wp-content\/uploads\/2025\/10\/IMG_4575-409x1024.jpg 409w, https:\/\/verigo.eu\/wp-content\/uploads\/2025\/10\/IMG_4575-120x300.jpg 120w, https:\/\/verigo.eu\/wp-content\/uploads\/2025\/10\/IMG_4575-768x1925.jpg 768w, https:\/\/verigo.eu\/wp-content\/uploads\/2025\/10\/IMG_4575-613x1536.jpg 613w, https:\/\/verigo.eu\/wp-content\/uploads\/2025\/10\/IMG_4575-817x2048.jpg 817w, https:\/\/verigo.eu\/wp-content\/uploads\/2025\/10\/IMG_4575-scaled.jpg 1022w\" sizes=\"auto, (max-width: 409px) 100vw, 409px\" \/><\/figure>\n<\/div>\n\n\n\n<div class=\"wp-block-column is-layout-flow wp-block-column-is-layout-flow\">\n<figure class=\"wp-block-image size-large is-resized\"><img loading=\"lazy\" decoding=\"async\" width=\"422\" height=\"1024\" src=\"https:\/\/verigo.eu\/wp-content\/uploads\/2025\/10\/IMG_4522-422x1024.jpg\" alt=\"kostium we\u0142niany\" class=\"wp-image-661\" style=\"width:252px;height:auto\" srcset=\"https:\/\/verigo.eu\/wp-content\/uploads\/2025\/10\/IMG_4522-422x1024.jpg 422w, https:\/\/verigo.eu\/wp-content\/uploads\/2025\/10\/IMG_4522-124x300.jpg 124w, https:\/\/verigo.eu\/wp-content\/uploads\/2025\/10\/IMG_4522-768x1863.jpg 768w, https:\/\/verigo.eu\/wp-content\/uploads\/2025\/10\/IMG_4522-633x1536.jpg 633w, https:\/\/verigo.eu\/wp-content\/uploads\/2025\/10\/IMG_4522-844x2048.jpg 844w, https:\/\/verigo.eu\/wp-content\/uploads\/2025\/10\/IMG_4522-scaled.jpg 1055w\" sizes=\"auto, (max-width: 422px) 100vw, 422px\" \/><\/figure>\n<\/div>\n<\/div>\n\n\n\n<div class=\"wp-block-columns is-layout-flex wp-container-core-columns-is-layout-9d6595d7 wp-block-columns-is-layout-flex\">\n<div class=\"wp-block-column is-layout-flow wp-block-column-is-layout-flow\">\n<figure class=\"wp-block-image size-large is-resized\"><img loading=\"lazy\" decoding=\"async\" width=\"383\" height=\"1024\" src=\"https:\/\/verigo.eu\/wp-content\/uploads\/2025\/10\/komplet-dzianinowy-383x1024.jpg\" alt=\"komplet dzianinowy\" class=\"wp-image-671\" style=\"width:284px;height:auto\" srcset=\"https:\/\/verigo.eu\/wp-content\/uploads\/2025\/10\/komplet-dzianinowy-383x1024.jpg 383w, https:\/\/verigo.eu\/wp-content\/uploads\/2025\/10\/komplet-dzianinowy-112x300.jpg 112w, https:\/\/verigo.eu\/wp-content\/uploads\/2025\/10\/komplet-dzianinowy-768x2054.jpg 768w, https:\/\/verigo.eu\/wp-content\/uploads\/2025\/10\/komplet-dzianinowy-574x1536.jpg 574w, https:\/\/verigo.eu\/wp-content\/uploads\/2025\/10\/komplet-dzianinowy-766x2048.jpg 766w, https:\/\/verigo.eu\/wp-content\/uploads\/2025\/10\/komplet-dzianinowy-scaled.jpg 957w\" sizes=\"auto, (max-width: 383px) 100vw, 383px\" \/><\/figure>\n<\/div>\n\n\n\n<div class=\"wp-block-column is-layout-flow wp-block-column-is-layout-flow\"><\/div>\n<\/div>\n","protected":false},"excerpt":{"rendered":"<p>Obecnie kostiumy szyjemy g\u0142\u00f3wnie na zam\u00f3wienie. Do sklepu dostarczamy zar\u00f3wno kostiumy jak i komplety rzeczy nawzajem do siebie pasuj\u0105ce. Np. sp\u00f3dnice czy spodnie do \u017cakietu z materia\u0142u pasuj\u0105cego ale nie identycznego. Staramy si\u0119 te\u017c by do \u017cakiet\u00f3w by\u0142y w naszej ofercie odpowiednie bluzki. Szyjemy kostiumy [&hellip;]<\/p>\n","protected":false},"author":1,"featured_media":0,"parent":47,"menu_order":0,"comment_status":"closed","ping_status":"closed","template":"","meta":{"_monsterinsights_skip_tracking":false,"_monsterinsights_sitenote_active":false,"_monsterinsights_sitenote_note":"","_monsterinsights_sitenote_category":0,"footnotes":""},"class_list":["post-383","page","type-page","status-publish","hentry"],"yoast_head":"<!-- This site is optimized with the Yoast SEO plugin v27.5 - https:\/\/yoast.com\/product\/yoast-seo-wordpress\/ -->\n<title>kostiumy - Sklep na Biela\u0144skiej 6<\/title>\n<meta name=\"description\" content=\"Szyjemy kostiumy na r\u00f3\u017cne okazje. Wielokolorowe na wiosn\u0119-lato, kolorowe na jesie\u0144- zim\u0119, wieczorowe i na na specjalne okazje\" \/>\n<meta name=\"robots\" content=\"index, follow, max-snippet:-1, max-image-preview:large, max-video-preview:-1\" \/>\n<link rel=\"canonical\" href=\"https:\/\/verigo.eu\/index.php\/gotowe-ubrania-damskie\/kostiumy\/\" \/>\n<meta property=\"og:locale\" content=\"pl_PL\" \/>\n<meta property=\"og:type\" content=\"article\" \/>\n<meta property=\"og:title\" content=\"kostiumy - Sklep na Biela\u0144skiej 6\" \/>\n<meta property=\"og:description\" content=\"Szyjemy kostiumy na r\u00f3\u017cne okazje. Wielokolorowe na wiosn\u0119-lato, kolorowe na jesie\u0144- zim\u0119, wieczorowe i na na specjalne okazje\" \/>\n<meta property=\"og:url\" content=\"https:\/\/verigo.eu\/index.php\/gotowe-ubrania-damskie\/kostiumy\/\" \/>\n<meta property=\"og:site_name\" content=\"Sklep na Biela\u0144skiej 6\" \/>\n<meta property=\"article:publisher\" content=\"https:\/\/www.facebook.com\/share\/1Cbtke1F4g\/\" \/>\n<meta property=\"article:modified_time\" content=\"2025-11-02T06:10:50+00:00\" \/>\n<meta property=\"og:image\" content=\"https:\/\/verigo.eu\/wp-content\/uploads\/2025\/09\/IMG_2572.jpg\" \/>\n\t<meta property=\"og:image:width\" content=\"1150\" \/>\n\t<meta property=\"og:image:height\" content=\"2000\" \/>\n\t<meta property=\"og:image:type\" content=\"image\/jpeg\" \/>\n<meta name=\"twitter:card\" content=\"summary_large_image\" \/>\n<meta name=\"twitter:label1\" content=\"Szacowany czas czytania\" \/>\n\t<meta name=\"twitter:data1\" content=\"3 minuty\" \/>\n<script type=\"application\/ld+json\" class=\"yoast-schema-graph\">{\"@context\":\"https:\\\/\\\/schema.org\",\"@graph\":[{\"@type\":\"WebPage\",\"@id\":\"https:\\\/\\\/verigo.eu\\\/index.php\\\/gotowe-ubrania-damskie\\\/kostiumy\\\/\",\"url\":\"https:\\\/\\\/verigo.eu\\\/index.php\\\/gotowe-ubrania-damskie\\\/kostiumy\\\/\",\"name\":\"kostiumy - Sklep na Biela\u0144skiej 6\",\"isPartOf\":{\"@id\":\"https:\\\/\\\/verigo.eu\\\/#website\"},\"primaryImageOfPage\":{\"@id\":\"https:\\\/\\\/verigo.eu\\\/index.php\\\/gotowe-ubrania-damskie\\\/kostiumy\\\/#primaryimage\"},\"image\":{\"@id\":\"https:\\\/\\\/verigo.eu\\\/index.php\\\/gotowe-ubrania-damskie\\\/kostiumy\\\/#primaryimage\"},\"thumbnailUrl\":\"https:\\\/\\\/verigo.eu\\\/wp-content\\\/uploads\\\/2025\\\/09\\\/IMG_2572-589x1024.jpg\",\"datePublished\":\"2025-09-18T03:50:23+00:00\",\"dateModified\":\"2025-11-02T06:10:50+00:00\",\"description\":\"Szyjemy kostiumy na r\u00f3\u017cne okazje. Wielokolorowe na wiosn\u0119-lato, kolorowe na jesie\u0144- zim\u0119, wieczorowe i na na specjalne okazje\",\"breadcrumb\":{\"@id\":\"https:\\\/\\\/verigo.eu\\\/index.php\\\/gotowe-ubrania-damskie\\\/kostiumy\\\/#breadcrumb\"},\"inLanguage\":\"pl-PL\",\"potentialAction\":[{\"@type\":\"ReadAction\",\"target\":[\"https:\\\/\\\/verigo.eu\\\/index.php\\\/gotowe-ubrania-damskie\\\/kostiumy\\\/\"]}]},{\"@type\":\"ImageObject\",\"inLanguage\":\"pl-PL\",\"@id\":\"https:\\\/\\\/verigo.eu\\\/index.php\\\/gotowe-ubrania-damskie\\\/kostiumy\\\/#primaryimage\",\"url\":\"https:\\\/\\\/verigo.eu\\\/wp-content\\\/uploads\\\/2025\\\/09\\\/IMG_2572.jpg\",\"contentUrl\":\"https:\\\/\\\/verigo.eu\\\/wp-content\\\/uploads\\\/2025\\\/09\\\/IMG_2572.jpg\",\"width\":1150,\"height\":2000,\"caption\":\"kostium\"},{\"@type\":\"BreadcrumbList\",\"@id\":\"https:\\\/\\\/verigo.eu\\\/index.php\\\/gotowe-ubrania-damskie\\\/kostiumy\\\/#breadcrumb\",\"itemListElement\":[{\"@type\":\"ListItem\",\"position\":1,\"name\":\"Strona g\u0142\u00f3wna\",\"item\":\"https:\\\/\\\/verigo.eu\\\/\"},{\"@type\":\"ListItem\",\"position\":2,\"name\":\"ubrania gotowe\",\"item\":\"https:\\\/\\\/verigo.eu\\\/index.php\\\/gotowe-ubrania-damskie\\\/\"},{\"@type\":\"ListItem\",\"position\":3,\"name\":\"kostiumy\"}]},{\"@type\":\"WebSite\",\"@id\":\"https:\\\/\\\/verigo.eu\\\/#website\",\"url\":\"https:\\\/\\\/verigo.eu\\\/\",\"name\":\"Sklep na Biela\u0144skiej\",\"description\":\"Biela\u0144ska 6 , Warszawa, tel. 511 227 767\",\"publisher\":{\"@id\":\"https:\\\/\\\/verigo.eu\\\/#organization\"},\"alternateName\":\"elegancka klasyczna odzie\u017c damska\",\"potentialAction\":[{\"@type\":\"SearchAction\",\"target\":{\"@type\":\"EntryPoint\",\"urlTemplate\":\"https:\\\/\\\/verigo.eu\\\/?s={search_term_string}\"},\"query-input\":{\"@type\":\"PropertyValueSpecification\",\"valueRequired\":true,\"valueName\":\"search_term_string\"}}],\"inLanguage\":\"pl-PL\"},{\"@type\":\"Organization\",\"@id\":\"https:\\\/\\\/verigo.eu\\\/#organization\",\"name\":\"Sklep na Biela\u0144skiej\",\"alternateName\":\"Verigo-elegancka klasyczna odzie\u017c damska\",\"url\":\"https:\\\/\\\/verigo.eu\\\/\",\"logo\":{\"@type\":\"ImageObject\",\"inLanguage\":\"pl-PL\",\"@id\":\"https:\\\/\\\/verigo.eu\\\/#\\\/schema\\\/logo\\\/image\\\/\",\"url\":\"https:\\\/\\\/verigo.eu\\\/wp-content\\\/uploads\\\/2025\\\/10\\\/logo-Orginalkopia-jasne-tlo-2-1-scaled.jpg\",\"contentUrl\":\"https:\\\/\\\/verigo.eu\\\/wp-content\\\/uploads\\\/2025\\\/10\\\/logo-Orginalkopia-jasne-tlo-2-1-scaled.jpg\",\"width\":2560,\"height\":2476,\"caption\":\"Sklep na Biela\u0144skiej\"},\"image\":{\"@id\":\"https:\\\/\\\/verigo.eu\\\/#\\\/schema\\\/logo\\\/image\\\/\"},\"sameAs\":[\"https:\\\/\\\/www.facebook.com\\\/share\\\/1Cbtke1F4g\\\/\",\"https:\\\/\\\/instagram.com\\\/verigoodziezdamska\\\/\"]}]}<\/script>\n<!-- \/ Yoast SEO plugin. -->","yoast_head_json":{"title":"kostiumy - Sklep na Biela\u0144skiej 6","description":"Szyjemy kostiumy na r\u00f3\u017cne okazje. Wielokolorowe na wiosn\u0119-lato, kolorowe na jesie\u0144- zim\u0119, wieczorowe i na na specjalne okazje","robots":{"index":"index","follow":"follow","max-snippet":"max-snippet:-1","max-image-preview":"max-image-preview:large","max-video-preview":"max-video-preview:-1"},"canonical":"https:\/\/verigo.eu\/index.php\/gotowe-ubrania-damskie\/kostiumy\/","og_locale":"pl_PL","og_type":"article","og_title":"kostiumy - Sklep na Biela\u0144skiej 6","og_description":"Szyjemy kostiumy na r\u00f3\u017cne okazje. Wielokolorowe na wiosn\u0119-lato, kolorowe na jesie\u0144- zim\u0119, wieczorowe i na na specjalne okazje","og_url":"https:\/\/verigo.eu\/index.php\/gotowe-ubrania-damskie\/kostiumy\/","og_site_name":"Sklep na Biela\u0144skiej 6","article_publisher":"https:\/\/www.facebook.com\/share\/1Cbtke1F4g\/","article_modified_time":"2025-11-02T06:10:50+00:00","og_image":[{"width":1150,"height":2000,"url":"https:\/\/verigo.eu\/wp-content\/uploads\/2025\/09\/IMG_2572.jpg","type":"image\/jpeg"}],"twitter_card":"summary_large_image","twitter_misc":{"Szacowany czas czytania":"3 minuty"},"schema":{"@context":"https:\/\/schema.org","@graph":[{"@type":"WebPage","@id":"https:\/\/verigo.eu\/index.php\/gotowe-ubrania-damskie\/kostiumy\/","url":"https:\/\/verigo.eu\/index.php\/gotowe-ubrania-damskie\/kostiumy\/","name":"kostiumy - Sklep na Biela\u0144skiej 6","isPartOf":{"@id":"https:\/\/verigo.eu\/#website"},"primaryImageOfPage":{"@id":"https:\/\/verigo.eu\/index.php\/gotowe-ubrania-damskie\/kostiumy\/#primaryimage"},"image":{"@id":"https:\/\/verigo.eu\/index.php\/gotowe-ubrania-damskie\/kostiumy\/#primaryimage"},"thumbnailUrl":"https:\/\/verigo.eu\/wp-content\/uploads\/2025\/09\/IMG_2572-589x1024.jpg","datePublished":"2025-09-18T03:50:23+00:00","dateModified":"2025-11-02T06:10:50+00:00","description":"Szyjemy kostiumy na r\u00f3\u017cne okazje. Wielokolorowe na wiosn\u0119-lato, kolorowe na jesie\u0144- zim\u0119, wieczorowe i na na specjalne okazje","breadcrumb":{"@id":"https:\/\/verigo.eu\/index.php\/gotowe-ubrania-damskie\/kostiumy\/#breadcrumb"},"inLanguage":"pl-PL","potentialAction":[{"@type":"ReadAction","target":["https:\/\/verigo.eu\/index.php\/gotowe-ubrania-damskie\/kostiumy\/"]}]},{"@type":"ImageObject","inLanguage":"pl-PL","@id":"https:\/\/verigo.eu\/index.php\/gotowe-ubrania-damskie\/kostiumy\/#primaryimage","url":"https:\/\/verigo.eu\/wp-content\/uploads\/2025\/09\/IMG_2572.jpg","contentUrl":"https:\/\/verigo.eu\/wp-content\/uploads\/2025\/09\/IMG_2572.jpg","width":1150,"height":2000,"caption":"kostium"},{"@type":"BreadcrumbList","@id":"https:\/\/verigo.eu\/index.php\/gotowe-ubrania-damskie\/kostiumy\/#breadcrumb","itemListElement":[{"@type":"ListItem","position":1,"name":"Strona g\u0142\u00f3wna","item":"https:\/\/verigo.eu\/"},{"@type":"ListItem","position":2,"name":"ubrania gotowe","item":"https:\/\/verigo.eu\/index.php\/gotowe-ubrania-damskie\/"},{"@type":"ListItem","position":3,"name":"kostiumy"}]},{"@type":"WebSite","@id":"https:\/\/verigo.eu\/#website","url":"https:\/\/verigo.eu\/","name":"Sklep na Biela\u0144skiej","description":"Biela\u0144ska 6 , Warszawa, tel. 511 227 767","publisher":{"@id":"https:\/\/verigo.eu\/#organization"},"alternateName":"elegancka klasyczna odzie\u017c damska","potentialAction":[{"@type":"SearchAction","target":{"@type":"EntryPoint","urlTemplate":"https:\/\/verigo.eu\/?s={search_term_string}"},"query-input":{"@type":"PropertyValueSpecification","valueRequired":true,"valueName":"search_term_string"}}],"inLanguage":"pl-PL"},{"@type":"Organization","@id":"https:\/\/verigo.eu\/#organization","name":"Sklep na Biela\u0144skiej","alternateName":"Verigo-elegancka klasyczna odzie\u017c damska","url":"https:\/\/verigo.eu\/","logo":{"@type":"ImageObject","inLanguage":"pl-PL","@id":"https:\/\/verigo.eu\/#\/schema\/logo\/image\/","url":"https:\/\/verigo.eu\/wp-content\/uploads\/2025\/10\/logo-Orginalkopia-jasne-tlo-2-1-scaled.jpg","contentUrl":"https:\/\/verigo.eu\/wp-content\/uploads\/2025\/10\/logo-Orginalkopia-jasne-tlo-2-1-scaled.jpg","width":2560,"height":2476,"caption":"Sklep na Biela\u0144skiej"},"image":{"@id":"https:\/\/verigo.eu\/#\/schema\/logo\/image\/"},"sameAs":["https:\/\/www.facebook.com\/share\/1Cbtke1F4g\/","https:\/\/instagram.com\/verigoodziezdamska\/"]}]}},"_links":{"self":[{"href":"https:\/\/verigo.eu\/index.php\/wp-json\/wp\/v2\/pages\/383","targetHints":{"allow":["GET"]}}],"collection":[{"href":"https:\/\/verigo.eu\/index.php\/wp-json\/wp\/v2\/pages"}],"about":[{"href":"https:\/\/verigo.eu\/index.php\/wp-json\/wp\/v2\/types\/page"}],"author":[{"embeddable":true,"href":"https:\/\/verigo.eu\/index.php\/wp-json\/wp\/v2\/users\/1"}],"replies":[{"embeddable":true,"href":"https:\/\/verigo.eu\/index.php\/wp-json\/wp\/v2\/comments?post=383"}],"version-history":[{"count":11,"href":"https:\/\/verigo.eu\/index.php\/wp-json\/wp\/v2\/pages\/383\/revisions"}],"predecessor-version":[{"id":676,"href":"https:\/\/verigo.eu\/index.php\/wp-json\/wp\/v2\/pages\/383\/revisions\/676"}],"up":[{"embeddable":true,"href":"https:\/\/verigo.eu\/index.php\/wp-json\/wp\/v2\/pages\/47"}],"wp:attachment":[{"href":"https:\/\/verigo.eu\/index.php\/wp-json\/wp\/v2\/media?parent=383"}],"curies":[{"name":"wp","href":"https:\/\/api.w.org\/{rel}","templated":true}]}}