{"id":370,"date":"2025-09-17T20:49:11","date_gmt":"2025-09-17T20:49:11","guid":{"rendered":"https:\/\/verigo.eu\/?page_id=370"},"modified":"2025-11-15T11:18:56","modified_gmt":"2025-11-15T11:18:56","slug":"zakiety-i-zakieciki","status":"publish","type":"page","link":"https:\/\/verigo.eu\/index.php\/gotowe-ubrania-damskie\/zakiety-i-zakieciki\/","title":{"rendered":"\u017cakiety i \u017cakieciki"},"content":{"rendered":"\n<p class=\"has-larger-font-size\">\u017bakiety i \u017cakieciki -niekt\u00f3re modele<\/p>\n\n\n\n<p>Szyjemy \u017cakiety o bardzo r\u00f3\u017cnych krojach,<a href=\"https:\/\/verigo.eu\/index.php\/szycie-na-miare\/\"><strong><mark style=\"background-color:rgba(0, 0, 0, 0)\" class=\"has-inline-color has-blue-color\"> g\u0142\u00f3wnie jednak na zam\u00f3wienie<\/mark><\/strong><\/a>. Oferujemy r\u00f3wnie\u017c mniej formalne \u017cakieciki\/kurteczki. Te s\u0105 g\u0142\u00f3wnie wyrobami gotowymi. Wszystkie szyjemy z tkanin naturalnych wiskozy we\u0142ny, bawe\u0142ny jedwabiu i lnu.<\/p>\n\n\n\n<div class=\"wp-block-columns is-layout-flex wp-container-core-columns-is-layout-9d6595d7 wp-block-columns-is-layout-flex\">\n<div class=\"wp-block-column is-layout-flow wp-block-column-is-layout-flow\">\n<figure class=\"wp-block-image size-large\"><img loading=\"lazy\" decoding=\"async\" width=\"589\" height=\"1024\" src=\"https:\/\/verigo.eu\/wp-content\/uploads\/2025\/09\/IMG_2458-589x1024.jpg\" alt=\"\u017cakiet we\u0142niany\" class=\"wp-image-371\" srcset=\"https:\/\/verigo.eu\/wp-content\/uploads\/2025\/09\/IMG_2458-589x1024.jpg 589w, https:\/\/verigo.eu\/wp-content\/uploads\/2025\/09\/IMG_2458-173x300.jpg 173w, https:\/\/verigo.eu\/wp-content\/uploads\/2025\/09\/IMG_2458-768x1336.jpg 768w, https:\/\/verigo.eu\/wp-content\/uploads\/2025\/09\/IMG_2458-883x1536.jpg 883w, https:\/\/verigo.eu\/wp-content\/uploads\/2025\/09\/IMG_2458.jpg 1150w\" sizes=\"auto, (max-width: 589px) 100vw, 589px\" \/><\/figure>\n<\/div>\n\n\n\n<div class=\"wp-block-column is-layout-flow wp-block-column-is-layout-flow\">\n<figure class=\"wp-block-image size-large\"><img loading=\"lazy\" decoding=\"async\" width=\"589\" height=\"1024\" src=\"https:\/\/verigo.eu\/wp-content\/uploads\/2025\/09\/IMG_2465-589x1024.jpg\" alt=\"\u017cakiet \" class=\"wp-image-372\" srcset=\"https:\/\/verigo.eu\/wp-content\/uploads\/2025\/09\/IMG_2465-589x1024.jpg 589w, https:\/\/verigo.eu\/wp-content\/uploads\/2025\/09\/IMG_2465-173x300.jpg 173w, https:\/\/verigo.eu\/wp-content\/uploads\/2025\/09\/IMG_2465-768x1336.jpg 768w, https:\/\/verigo.eu\/wp-content\/uploads\/2025\/09\/IMG_2465-883x1536.jpg 883w, https:\/\/verigo.eu\/wp-content\/uploads\/2025\/09\/IMG_2465.jpg 1150w\" sizes=\"auto, (max-width: 589px) 100vw, 589px\" \/><\/figure>\n<\/div>\n\n\n\n<div class=\"wp-block-column is-layout-flow wp-block-column-is-layout-flow\">\n<figure class=\"wp-block-image size-large\"><img loading=\"lazy\" decoding=\"async\" width=\"589\" height=\"1024\" src=\"https:\/\/verigo.eu\/wp-content\/uploads\/2025\/09\/IMG_2467-589x1024.jpg\" alt=\"\u017cakiet na jedn\u0105 dziurk\u0119\" class=\"wp-image-373\" srcset=\"https:\/\/verigo.eu\/wp-content\/uploads\/2025\/09\/IMG_2467-589x1024.jpg 589w, https:\/\/verigo.eu\/wp-content\/uploads\/2025\/09\/IMG_2467-173x300.jpg 173w, https:\/\/verigo.eu\/wp-content\/uploads\/2025\/09\/IMG_2467-768x1336.jpg 768w, https:\/\/verigo.eu\/wp-content\/uploads\/2025\/09\/IMG_2467-883x1536.jpg 883w, https:\/\/verigo.eu\/wp-content\/uploads\/2025\/09\/IMG_2467.jpg 1150w\" sizes=\"auto, (max-width: 589px) 100vw, 589px\" \/><\/figure>\n<\/div>\n<\/div>\n\n\n\n<div class=\"wp-block-columns is-layout-flex wp-container-core-columns-is-layout-9d6595d7 wp-block-columns-is-layout-flex\">\n<div class=\"wp-block-column is-layout-flow wp-block-column-is-layout-flow\">\n<figure class=\"wp-block-image size-large\"><img loading=\"lazy\" decoding=\"async\" width=\"589\" height=\"1024\" src=\"https:\/\/verigo.eu\/wp-content\/uploads\/2025\/09\/IMG_2472-2-589x1024.jpg\" alt=\"\u017cakiet na jedn\u0105 dziurk\u0119\" class=\"wp-image-374\" srcset=\"https:\/\/verigo.eu\/wp-content\/uploads\/2025\/09\/IMG_2472-2-589x1024.jpg 589w, https:\/\/verigo.eu\/wp-content\/uploads\/2025\/09\/IMG_2472-2-173x300.jpg 173w, https:\/\/verigo.eu\/wp-content\/uploads\/2025\/09\/IMG_2472-2-768x1336.jpg 768w, https:\/\/verigo.eu\/wp-content\/uploads\/2025\/09\/IMG_2472-2-883x1536.jpg 883w, https:\/\/verigo.eu\/wp-content\/uploads\/2025\/09\/IMG_2472-2.jpg 1150w\" sizes=\"auto, (max-width: 589px) 100vw, 589px\" \/><\/figure>\n<\/div>\n\n\n\n<div class=\"wp-block-column is-layout-flow wp-block-column-is-layout-flow\">\n<figure class=\"wp-block-image size-large\"><img loading=\"lazy\" decoding=\"async\" width=\"589\" height=\"1024\" src=\"https:\/\/verigo.eu\/wp-content\/uploads\/2025\/09\/IMG_2555-2021_03_03-12_43_45-UTC-589x1024.jpg\" alt=\"\u017cakiet jedwabny\" class=\"wp-image-375\" srcset=\"https:\/\/verigo.eu\/wp-content\/uploads\/2025\/09\/IMG_2555-2021_03_03-12_43_45-UTC-589x1024.jpg 589w, https:\/\/verigo.eu\/wp-content\/uploads\/2025\/09\/IMG_2555-2021_03_03-12_43_45-UTC-173x300.jpg 173w, https:\/\/verigo.eu\/wp-content\/uploads\/2025\/09\/IMG_2555-2021_03_03-12_43_45-UTC-768x1336.jpg 768w, https:\/\/verigo.eu\/wp-content\/uploads\/2025\/09\/IMG_2555-2021_03_03-12_43_45-UTC-883x1536.jpg 883w, https:\/\/verigo.eu\/wp-content\/uploads\/2025\/09\/IMG_2555-2021_03_03-12_43_45-UTC.jpg 1150w\" sizes=\"auto, (max-width: 589px) 100vw, 589px\" \/><\/figure>\n<\/div>\n\n\n\n<div class=\"wp-block-column is-layout-flow wp-block-column-is-layout-flow\">\n<figure class=\"wp-block-image size-large\"><img loading=\"lazy\" decoding=\"async\" width=\"589\" height=\"1024\" src=\"https:\/\/verigo.eu\/wp-content\/uploads\/2025\/09\/IMG_2521-2-589x1024.jpg\" alt=\"\u017cakiet\" class=\"wp-image-376\" srcset=\"https:\/\/verigo.eu\/wp-content\/uploads\/2025\/09\/IMG_2521-2-589x1024.jpg 589w, https:\/\/verigo.eu\/wp-content\/uploads\/2025\/09\/IMG_2521-2-173x300.jpg 173w, https:\/\/verigo.eu\/wp-content\/uploads\/2025\/09\/IMG_2521-2-768x1336.jpg 768w, https:\/\/verigo.eu\/wp-content\/uploads\/2025\/09\/IMG_2521-2-883x1536.jpg 883w, https:\/\/verigo.eu\/wp-content\/uploads\/2025\/09\/IMG_2521-2.jpg 1150w\" sizes=\"auto, (max-width: 589px) 100vw, 589px\" \/><\/figure>\n<\/div>\n<\/div>\n\n\n\n<div class=\"wp-block-columns is-layout-flex wp-container-core-columns-is-layout-9d6595d7 wp-block-columns-is-layout-flex\">\n<div class=\"wp-block-column is-layout-flow wp-block-column-is-layout-flow\">\n<figure class=\"wp-block-image size-large is-resized\"><img loading=\"lazy\" decoding=\"async\" width=\"521\" height=\"1024\" src=\"https:\/\/verigo.eu\/wp-content\/uploads\/2025\/09\/IMG_3596cc-521x1024.jpg\" alt=\"\u017cakiecik\" class=\"wp-image-377\" style=\"width:257px;height:auto\" srcset=\"https:\/\/verigo.eu\/wp-content\/uploads\/2025\/09\/IMG_3596cc-521x1024.jpg 521w, https:\/\/verigo.eu\/wp-content\/uploads\/2025\/09\/IMG_3596cc-153x300.jpg 153w, https:\/\/verigo.eu\/wp-content\/uploads\/2025\/09\/IMG_3596cc-768x1509.jpg 768w, https:\/\/verigo.eu\/wp-content\/uploads\/2025\/09\/IMG_3596cc-782x1536.jpg 782w, https:\/\/verigo.eu\/wp-content\/uploads\/2025\/09\/IMG_3596cc-1043x2048.jpg 1043w, https:\/\/verigo.eu\/wp-content\/uploads\/2025\/09\/IMG_3596cc.jpg 1148w\" sizes=\"auto, (max-width: 521px) 100vw, 521px\" \/><\/figure>\n<\/div>\n\n\n\n<div class=\"wp-block-column is-layout-flow wp-block-column-is-layout-flow\">\n<figure class=\"wp-block-image size-large is-resized\"><img loading=\"lazy\" decoding=\"async\" width=\"589\" height=\"1024\" src=\"https:\/\/verigo.eu\/wp-content\/uploads\/2025\/09\/IMG_2522-589x1024.jpg\" alt=\"\u017cakiet\" class=\"wp-image-378\" style=\"width:286px;height:auto\" srcset=\"https:\/\/verigo.eu\/wp-content\/uploads\/2025\/09\/IMG_2522-589x1024.jpg 589w, https:\/\/verigo.eu\/wp-content\/uploads\/2025\/09\/IMG_2522-173x300.jpg 173w, https:\/\/verigo.eu\/wp-content\/uploads\/2025\/09\/IMG_2522-768x1336.jpg 768w, https:\/\/verigo.eu\/wp-content\/uploads\/2025\/09\/IMG_2522-883x1536.jpg 883w, https:\/\/verigo.eu\/wp-content\/uploads\/2025\/09\/IMG_2522.jpg 1150w\" sizes=\"auto, (max-width: 589px) 100vw, 589px\" \/><\/figure>\n<\/div>\n<\/div>\n\n\n\n<div class=\"wp-block-columns is-layout-flex wp-container-core-columns-is-layout-9d6595d7 wp-block-columns-is-layout-flex\">\n<div class=\"wp-block-column is-layout-flow wp-block-column-is-layout-flow\">\n<figure class=\"wp-block-image size-large is-resized\"><img loading=\"lazy\" decoding=\"async\" width=\"403\" height=\"1024\" src=\"https:\/\/verigo.eu\/wp-content\/uploads\/2025\/10\/IMG_4451-403x1024.jpg\" alt=\"\u017cakiet elegancki kolorowy\" class=\"wp-image-654\" style=\"width:239px;height:auto\" srcset=\"https:\/\/verigo.eu\/wp-content\/uploads\/2025\/10\/IMG_4451-403x1024.jpg 403w, https:\/\/verigo.eu\/wp-content\/uploads\/2025\/10\/IMG_4451-118x300.jpg 118w, https:\/\/verigo.eu\/wp-content\/uploads\/2025\/10\/IMG_4451-768x1953.jpg 768w, https:\/\/verigo.eu\/wp-content\/uploads\/2025\/10\/IMG_4451-604x1536.jpg 604w, https:\/\/verigo.eu\/wp-content\/uploads\/2025\/10\/IMG_4451-805x2048.jpg 805w, https:\/\/verigo.eu\/wp-content\/uploads\/2025\/10\/IMG_4451-scaled.jpg 1007w\" sizes=\"auto, (max-width: 403px) 100vw, 403px\" \/><\/figure>\n\n\n\n<div class=\"wp-block-columns is-layout-flex wp-container-core-columns-is-layout-9d6595d7 wp-block-columns-is-layout-flex\">\n<div class=\"wp-block-column is-layout-flow wp-block-column-is-layout-flow\">\n<figure class=\"wp-block-image size-large\"><img loading=\"lazy\" decoding=\"async\" width=\"681\" height=\"1024\" src=\"https:\/\/verigo.eu\/wp-content\/uploads\/2025\/10\/IMG_4541-681x1024.jpg\" alt=\"\u017cakiet zapinany pod szyj\u0105 i broszka\" class=\"wp-image-664\" srcset=\"https:\/\/verigo.eu\/wp-content\/uploads\/2025\/10\/IMG_4541-681x1024.jpg 681w, https:\/\/verigo.eu\/wp-content\/uploads\/2025\/10\/IMG_4541-200x300.jpg 200w, https:\/\/verigo.eu\/wp-content\/uploads\/2025\/10\/IMG_4541-768x1155.jpg 768w, https:\/\/verigo.eu\/wp-content\/uploads\/2025\/10\/IMG_4541-1022x1536.jpg 1022w, https:\/\/verigo.eu\/wp-content\/uploads\/2025\/10\/IMG_4541-1362x2048.jpg 1362w, https:\/\/verigo.eu\/wp-content\/uploads\/2025\/10\/IMG_4541.jpg 1424w\" sizes=\"auto, (max-width: 681px) 100vw, 681px\" \/><\/figure>\n<\/div>\n<\/div>\n<\/div>\n\n\n\n<div class=\"wp-block-column is-layout-flow wp-block-column-is-layout-flow\">\n<figure class=\"wp-block-image size-large\"><img loading=\"lazy\" decoding=\"async\" width=\"435\" height=\"1024\" src=\"https:\/\/verigo.eu\/wp-content\/uploads\/2025\/10\/IMG_4511-435x1024.jpg\" alt=\"\u017cakiet chanelka\" class=\"wp-image-659\" srcset=\"https:\/\/verigo.eu\/wp-content\/uploads\/2025\/10\/IMG_4511-435x1024.jpg 435w, https:\/\/verigo.eu\/wp-content\/uploads\/2025\/10\/IMG_4511-127x300.jpg 127w, https:\/\/verigo.eu\/wp-content\/uploads\/2025\/10\/IMG_4511-768x1810.jpg 768w, https:\/\/verigo.eu\/wp-content\/uploads\/2025\/10\/IMG_4511-652x1536.jpg 652w, https:\/\/verigo.eu\/wp-content\/uploads\/2025\/10\/IMG_4511-869x2048.jpg 869w, https:\/\/verigo.eu\/wp-content\/uploads\/2025\/10\/IMG_4511-scaled.jpg 1086w\" sizes=\"auto, (max-width: 435px) 100vw, 435px\" \/><\/figure>\n\n\n\n<figure class=\"wp-block-image size-large is-resized\"><img loading=\"lazy\" decoding=\"async\" width=\"454\" height=\"1024\" src=\"https:\/\/verigo.eu\/wp-content\/uploads\/2025\/10\/IMG_4543-454x1024.jpg\" alt=\"\u017cakiet zapinany pod szyj\u0105\" class=\"wp-image-663\" style=\"width:172px;height:auto\" srcset=\"https:\/\/verigo.eu\/wp-content\/uploads\/2025\/10\/IMG_4543-454x1024.jpg 454w, https:\/\/verigo.eu\/wp-content\/uploads\/2025\/10\/IMG_4543-133x300.jpg 133w, https:\/\/verigo.eu\/wp-content\/uploads\/2025\/10\/IMG_4543-768x1734.jpg 768w, https:\/\/verigo.eu\/wp-content\/uploads\/2025\/10\/IMG_4543-907x2048.jpg 907w, https:\/\/verigo.eu\/wp-content\/uploads\/2025\/10\/IMG_4543-scaled.jpg 1134w\" sizes=\"auto, (max-width: 454px) 100vw, 454px\" \/><\/figure>\n<\/div>\n\n\n\n<div class=\"wp-block-column is-layout-flow wp-block-column-is-layout-flow\">\n<figure class=\"wp-block-image size-large\"><img loading=\"lazy\" decoding=\"async\" width=\"995\" height=\"1024\" src=\"https:\/\/verigo.eu\/wp-content\/uploads\/2025\/10\/IMG_4512-995x1024.jpg\" alt=\"\u017cakiecik \u017cakiet zapinany pod szyj\u0105 i broszka\" class=\"wp-image-660\" srcset=\"https:\/\/verigo.eu\/wp-content\/uploads\/2025\/10\/IMG_4512-995x1024.jpg 995w, https:\/\/verigo.eu\/wp-content\/uploads\/2025\/10\/IMG_4512-291x300.jpg 291w, https:\/\/verigo.eu\/wp-content\/uploads\/2025\/10\/IMG_4512-768x791.jpg 768w, https:\/\/verigo.eu\/wp-content\/uploads\/2025\/10\/IMG_4512-1492x1536.jpg 1492w, https:\/\/verigo.eu\/wp-content\/uploads\/2025\/10\/IMG_4512-1989x2048.jpg 1989w\" sizes=\"auto, (max-width: 995px) 100vw, 995px\" \/><\/figure>\n\n\n\n<figure class=\"wp-block-image size-large\"><img loading=\"lazy\" decoding=\"async\" width=\"356\" height=\"1024\" src=\"https:\/\/verigo.eu\/wp-content\/uploads\/2025\/10\/IMG_4536-356x1024.jpg\" alt=\"sweterek-wdzianko\" class=\"wp-image-662\" srcset=\"https:\/\/verigo.eu\/wp-content\/uploads\/2025\/10\/IMG_4536-356x1024.jpg 356w, https:\/\/verigo.eu\/wp-content\/uploads\/2025\/10\/IMG_4536-104x300.jpg 104w, https:\/\/verigo.eu\/wp-content\/uploads\/2025\/10\/IMG_4536-768x2212.jpg 768w, https:\/\/verigo.eu\/wp-content\/uploads\/2025\/10\/IMG_4536-711x2048.jpg 711w, https:\/\/verigo.eu\/wp-content\/uploads\/2025\/10\/IMG_4536-scaled.jpg 889w\" sizes=\"auto, (max-width: 356px) 100vw, 356px\" \/><\/figure>\n<\/div>\n<\/div>\n\n\n\n<div class=\"wp-block-columns is-layout-flex wp-container-core-columns-is-layout-9d6595d7 wp-block-columns-is-layout-flex\">\n<div class=\"wp-block-column is-layout-flow wp-block-column-is-layout-flow\" style=\"flex-basis:100%\">\n<div class=\"wp-block-columns is-layout-flex wp-container-core-columns-is-layout-9d6595d7 wp-block-columns-is-layout-flex\">\n<div class=\"wp-block-column is-layout-flow wp-block-column-is-layout-flow\">\n<figure class=\"wp-block-image size-large\"><img loading=\"lazy\" decoding=\"async\" width=\"405\" height=\"1024\" src=\"https:\/\/verigo.eu\/wp-content\/uploads\/2025\/10\/IMG_4719-405x1024.jpg\" alt=\"\u017cakiet wiskoza \" class=\"wp-image-669\" srcset=\"https:\/\/verigo.eu\/wp-content\/uploads\/2025\/10\/IMG_4719-405x1024.jpg 405w, https:\/\/verigo.eu\/wp-content\/uploads\/2025\/10\/IMG_4719-119x300.jpg 119w, https:\/\/verigo.eu\/wp-content\/uploads\/2025\/10\/IMG_4719-768x1943.jpg 768w, https:\/\/verigo.eu\/wp-content\/uploads\/2025\/10\/IMG_4719-607x1536.jpg 607w, https:\/\/verigo.eu\/wp-content\/uploads\/2025\/10\/IMG_4719-810x2048.jpg 810w, https:\/\/verigo.eu\/wp-content\/uploads\/2025\/10\/IMG_4719-scaled.jpg 1012w\" sizes=\"auto, (max-width: 405px) 100vw, 405px\" \/><\/figure>\n<\/div>\n\n\n\n<div class=\"wp-block-column is-layout-flow wp-block-column-is-layout-flow\">\n<figure class=\"wp-block-image size-large is-resized\"><img loading=\"lazy\" decoding=\"async\" width=\"295\" height=\"1024\" src=\"https:\/\/verigo.eu\/wp-content\/uploads\/2025\/11\/IMG_4774-295x1024.jpg\" alt=\"wdzianko\" class=\"wp-image-685\" style=\"width:183px;height:auto\" srcset=\"https:\/\/verigo.eu\/wp-content\/uploads\/2025\/11\/IMG_4774-295x1024.jpg 295w, https:\/\/verigo.eu\/wp-content\/uploads\/2025\/11\/IMG_4774-86x300.jpg 86w, https:\/\/verigo.eu\/wp-content\/uploads\/2025\/11\/IMG_4774-768x2664.jpg 768w, https:\/\/verigo.eu\/wp-content\/uploads\/2025\/11\/IMG_4774-443x1536.jpg 443w, https:\/\/verigo.eu\/wp-content\/uploads\/2025\/11\/IMG_4774-590x2048.jpg 590w, https:\/\/verigo.eu\/wp-content\/uploads\/2025\/11\/IMG_4774-scaled.jpg 738w\" sizes=\"auto, (max-width: 295px) 100vw, 295px\" \/><\/figure>\n<\/div>\n\n\n\n<div class=\"wp-block-column is-layout-flow wp-block-column-is-layout-flow\"><\/div>\n<\/div>\n<\/div>\n<\/div>\n","protected":false},"excerpt":{"rendered":"<p>\u017bakiety i \u017cakieciki -niekt\u00f3re modele Szyjemy \u017cakiety o bardzo r\u00f3\u017cnych krojach, g\u0142\u00f3wnie jednak na zam\u00f3wienie. Oferujemy r\u00f3wnie\u017c mniej formalne \u017cakieciki\/kurteczki. Te s\u0105 g\u0142\u00f3wnie wyrobami gotowymi. Wszystkie szyjemy z tkanin naturalnych wiskozy we\u0142ny, bawe\u0142ny jedwabiu i lnu.<\/p>\n","protected":false},"author":1,"featured_media":0,"parent":47,"menu_order":0,"comment_status":"closed","ping_status":"closed","template":"","meta":{"_monsterinsights_skip_tracking":false,"_monsterinsights_sitenote_active":false,"_monsterinsights_sitenote_note":"","_monsterinsights_sitenote_category":0,"footnotes":""},"class_list":["post-370","page","type-page","status-publish","hentry"],"yoast_head":"<!-- This site is optimized with the Yoast SEO plugin v27.5 - https:\/\/yoast.com\/product\/yoast-seo-wordpress\/ -->\n<title>\u017cakiety i \u017cakieciki - Sklep na Biela\u0144skiej 6<\/title>\n<meta name=\"robots\" content=\"index, follow, max-snippet:-1, max-image-preview:large, max-video-preview:-1\" \/>\n<link rel=\"canonical\" href=\"https:\/\/verigo.eu\/index.php\/gotowe-ubrania-damskie\/zakiety-i-zakieciki\/\" \/>\n<meta property=\"og:locale\" content=\"pl_PL\" \/>\n<meta property=\"og:type\" content=\"article\" \/>\n<meta property=\"og:title\" content=\"\u017cakiety i \u017cakieciki - Sklep na Biela\u0144skiej 6\" \/>\n<meta property=\"og:description\" content=\"\u017bakiety i \u017cakieciki -niekt\u00f3re modele Szyjemy \u017cakiety o bardzo r\u00f3\u017cnych krojach, g\u0142\u00f3wnie jednak na zam\u00f3wienie. Oferujemy r\u00f3wnie\u017c mniej formalne \u017cakieciki\/kurteczki. Te s\u0105 g\u0142\u00f3wnie wyrobami gotowymi. Wszystkie szyjemy z tkanin naturalnych wiskozy we\u0142ny, bawe\u0142ny jedwabiu i lnu.\" \/>\n<meta property=\"og:url\" content=\"https:\/\/verigo.eu\/index.php\/gotowe-ubrania-damskie\/zakiety-i-zakieciki\/\" \/>\n<meta property=\"og:site_name\" content=\"Sklep na Biela\u0144skiej 6\" \/>\n<meta property=\"article:publisher\" content=\"https:\/\/www.facebook.com\/share\/1Cbtke1F4g\/\" \/>\n<meta property=\"article:modified_time\" content=\"2025-11-15T11:18:56+00:00\" \/>\n<meta property=\"og:image\" content=\"https:\/\/verigo.eu\/wp-content\/uploads\/2025\/09\/IMG_2458.jpg\" \/>\n\t<meta property=\"og:image:width\" content=\"1150\" \/>\n\t<meta property=\"og:image:height\" content=\"2000\" \/>\n\t<meta property=\"og:image:type\" content=\"image\/jpeg\" \/>\n<meta name=\"twitter:card\" content=\"summary_large_image\" \/>\n<meta name=\"twitter:label1\" content=\"Szacowany czas czytania\" \/>\n\t<meta name=\"twitter:data1\" content=\"4 minuty\" \/>\n<script type=\"application\/ld+json\" class=\"yoast-schema-graph\">{\"@context\":\"https:\\\/\\\/schema.org\",\"@graph\":[{\"@type\":\"WebPage\",\"@id\":\"https:\\\/\\\/verigo.eu\\\/index.php\\\/gotowe-ubrania-damskie\\\/zakiety-i-zakieciki\\\/\",\"url\":\"https:\\\/\\\/verigo.eu\\\/index.php\\\/gotowe-ubrania-damskie\\\/zakiety-i-zakieciki\\\/\",\"name\":\"\u017cakiety i \u017cakieciki - Sklep na Biela\u0144skiej 6\",\"isPartOf\":{\"@id\":\"https:\\\/\\\/verigo.eu\\\/#website\"},\"primaryImageOfPage\":{\"@id\":\"https:\\\/\\\/verigo.eu\\\/index.php\\\/gotowe-ubrania-damskie\\\/zakiety-i-zakieciki\\\/#primaryimage\"},\"image\":{\"@id\":\"https:\\\/\\\/verigo.eu\\\/index.php\\\/gotowe-ubrania-damskie\\\/zakiety-i-zakieciki\\\/#primaryimage\"},\"thumbnailUrl\":\"https:\\\/\\\/verigo.eu\\\/wp-content\\\/uploads\\\/2025\\\/09\\\/IMG_2458-589x1024.jpg\",\"datePublished\":\"2025-09-17T20:49:11+00:00\",\"dateModified\":\"2025-11-15T11:18:56+00:00\",\"breadcrumb\":{\"@id\":\"https:\\\/\\\/verigo.eu\\\/index.php\\\/gotowe-ubrania-damskie\\\/zakiety-i-zakieciki\\\/#breadcrumb\"},\"inLanguage\":\"pl-PL\",\"potentialAction\":[{\"@type\":\"ReadAction\",\"target\":[\"https:\\\/\\\/verigo.eu\\\/index.php\\\/gotowe-ubrania-damskie\\\/zakiety-i-zakieciki\\\/\"]}]},{\"@type\":\"ImageObject\",\"inLanguage\":\"pl-PL\",\"@id\":\"https:\\\/\\\/verigo.eu\\\/index.php\\\/gotowe-ubrania-damskie\\\/zakiety-i-zakieciki\\\/#primaryimage\",\"url\":\"https:\\\/\\\/verigo.eu\\\/wp-content\\\/uploads\\\/2025\\\/09\\\/IMG_2458.jpg\",\"contentUrl\":\"https:\\\/\\\/verigo.eu\\\/wp-content\\\/uploads\\\/2025\\\/09\\\/IMG_2458.jpg\",\"width\":1150,\"height\":2000,\"caption\":\"\u017cakiet we\u0142niany\"},{\"@type\":\"BreadcrumbList\",\"@id\":\"https:\\\/\\\/verigo.eu\\\/index.php\\\/gotowe-ubrania-damskie\\\/zakiety-i-zakieciki\\\/#breadcrumb\",\"itemListElement\":[{\"@type\":\"ListItem\",\"position\":1,\"name\":\"Strona g\u0142\u00f3wna\",\"item\":\"https:\\\/\\\/verigo.eu\\\/\"},{\"@type\":\"ListItem\",\"position\":2,\"name\":\"ubrania gotowe\",\"item\":\"https:\\\/\\\/verigo.eu\\\/index.php\\\/gotowe-ubrania-damskie\\\/\"},{\"@type\":\"ListItem\",\"position\":3,\"name\":\"\u017cakiety i \u017cakieciki\"}]},{\"@type\":\"WebSite\",\"@id\":\"https:\\\/\\\/verigo.eu\\\/#website\",\"url\":\"https:\\\/\\\/verigo.eu\\\/\",\"name\":\"Sklep na Biela\u0144skiej\",\"description\":\"Biela\u0144ska 6 , Warszawa, tel. 511 227 767\",\"publisher\":{\"@id\":\"https:\\\/\\\/verigo.eu\\\/#organization\"},\"alternateName\":\"elegancka klasyczna odzie\u017c damska\",\"potentialAction\":[{\"@type\":\"SearchAction\",\"target\":{\"@type\":\"EntryPoint\",\"urlTemplate\":\"https:\\\/\\\/verigo.eu\\\/?s={search_term_string}\"},\"query-input\":{\"@type\":\"PropertyValueSpecification\",\"valueRequired\":true,\"valueName\":\"search_term_string\"}}],\"inLanguage\":\"pl-PL\"},{\"@type\":\"Organization\",\"@id\":\"https:\\\/\\\/verigo.eu\\\/#organization\",\"name\":\"Sklep na Biela\u0144skiej\",\"alternateName\":\"Verigo-elegancka klasyczna odzie\u017c damska\",\"url\":\"https:\\\/\\\/verigo.eu\\\/\",\"logo\":{\"@type\":\"ImageObject\",\"inLanguage\":\"pl-PL\",\"@id\":\"https:\\\/\\\/verigo.eu\\\/#\\\/schema\\\/logo\\\/image\\\/\",\"url\":\"https:\\\/\\\/verigo.eu\\\/wp-content\\\/uploads\\\/2025\\\/10\\\/logo-Orginalkopia-jasne-tlo-2-1-scaled.jpg\",\"contentUrl\":\"https:\\\/\\\/verigo.eu\\\/wp-content\\\/uploads\\\/2025\\\/10\\\/logo-Orginalkopia-jasne-tlo-2-1-scaled.jpg\",\"width\":2560,\"height\":2476,\"caption\":\"Sklep na Biela\u0144skiej\"},\"image\":{\"@id\":\"https:\\\/\\\/verigo.eu\\\/#\\\/schema\\\/logo\\\/image\\\/\"},\"sameAs\":[\"https:\\\/\\\/www.facebook.com\\\/share\\\/1Cbtke1F4g\\\/\",\"https:\\\/\\\/instagram.com\\\/verigoodziezdamska\\\/\"]}]}<\/script>\n<!-- \/ Yoast SEO plugin. -->","yoast_head_json":{"title":"\u017cakiety i \u017cakieciki - Sklep na Biela\u0144skiej 6","robots":{"index":"index","follow":"follow","max-snippet":"max-snippet:-1","max-image-preview":"max-image-preview:large","max-video-preview":"max-video-preview:-1"},"canonical":"https:\/\/verigo.eu\/index.php\/gotowe-ubrania-damskie\/zakiety-i-zakieciki\/","og_locale":"pl_PL","og_type":"article","og_title":"\u017cakiety i \u017cakieciki - Sklep na Biela\u0144skiej 6","og_description":"\u017bakiety i \u017cakieciki -niekt\u00f3re modele Szyjemy \u017cakiety o bardzo r\u00f3\u017cnych krojach, g\u0142\u00f3wnie jednak na zam\u00f3wienie. Oferujemy r\u00f3wnie\u017c mniej formalne \u017cakieciki\/kurteczki. Te s\u0105 g\u0142\u00f3wnie wyrobami gotowymi. Wszystkie szyjemy z tkanin naturalnych wiskozy we\u0142ny, bawe\u0142ny jedwabiu i lnu.","og_url":"https:\/\/verigo.eu\/index.php\/gotowe-ubrania-damskie\/zakiety-i-zakieciki\/","og_site_name":"Sklep na Biela\u0144skiej 6","article_publisher":"https:\/\/www.facebook.com\/share\/1Cbtke1F4g\/","article_modified_time":"2025-11-15T11:18:56+00:00","og_image":[{"width":1150,"height":2000,"url":"https:\/\/verigo.eu\/wp-content\/uploads\/2025\/09\/IMG_2458.jpg","type":"image\/jpeg"}],"twitter_card":"summary_large_image","twitter_misc":{"Szacowany czas czytania":"4 minuty"},"schema":{"@context":"https:\/\/schema.org","@graph":[{"@type":"WebPage","@id":"https:\/\/verigo.eu\/index.php\/gotowe-ubrania-damskie\/zakiety-i-zakieciki\/","url":"https:\/\/verigo.eu\/index.php\/gotowe-ubrania-damskie\/zakiety-i-zakieciki\/","name":"\u017cakiety i \u017cakieciki - Sklep na Biela\u0144skiej 6","isPartOf":{"@id":"https:\/\/verigo.eu\/#website"},"primaryImageOfPage":{"@id":"https:\/\/verigo.eu\/index.php\/gotowe-ubrania-damskie\/zakiety-i-zakieciki\/#primaryimage"},"image":{"@id":"https:\/\/verigo.eu\/index.php\/gotowe-ubrania-damskie\/zakiety-i-zakieciki\/#primaryimage"},"thumbnailUrl":"https:\/\/verigo.eu\/wp-content\/uploads\/2025\/09\/IMG_2458-589x1024.jpg","datePublished":"2025-09-17T20:49:11+00:00","dateModified":"2025-11-15T11:18:56+00:00","breadcrumb":{"@id":"https:\/\/verigo.eu\/index.php\/gotowe-ubrania-damskie\/zakiety-i-zakieciki\/#breadcrumb"},"inLanguage":"pl-PL","potentialAction":[{"@type":"ReadAction","target":["https:\/\/verigo.eu\/index.php\/gotowe-ubrania-damskie\/zakiety-i-zakieciki\/"]}]},{"@type":"ImageObject","inLanguage":"pl-PL","@id":"https:\/\/verigo.eu\/index.php\/gotowe-ubrania-damskie\/zakiety-i-zakieciki\/#primaryimage","url":"https:\/\/verigo.eu\/wp-content\/uploads\/2025\/09\/IMG_2458.jpg","contentUrl":"https:\/\/verigo.eu\/wp-content\/uploads\/2025\/09\/IMG_2458.jpg","width":1150,"height":2000,"caption":"\u017cakiet we\u0142niany"},{"@type":"BreadcrumbList","@id":"https:\/\/verigo.eu\/index.php\/gotowe-ubrania-damskie\/zakiety-i-zakieciki\/#breadcrumb","itemListElement":[{"@type":"ListItem","position":1,"name":"Strona g\u0142\u00f3wna","item":"https:\/\/verigo.eu\/"},{"@type":"ListItem","position":2,"name":"ubrania gotowe","item":"https:\/\/verigo.eu\/index.php\/gotowe-ubrania-damskie\/"},{"@type":"ListItem","position":3,"name":"\u017cakiety i \u017cakieciki"}]},{"@type":"WebSite","@id":"https:\/\/verigo.eu\/#website","url":"https:\/\/verigo.eu\/","name":"Sklep na Biela\u0144skiej","description":"Biela\u0144ska 6 , Warszawa, tel. 511 227 767","publisher":{"@id":"https:\/\/verigo.eu\/#organization"},"alternateName":"elegancka klasyczna odzie\u017c damska","potentialAction":[{"@type":"SearchAction","target":{"@type":"EntryPoint","urlTemplate":"https:\/\/verigo.eu\/?s={search_term_string}"},"query-input":{"@type":"PropertyValueSpecification","valueRequired":true,"valueName":"search_term_string"}}],"inLanguage":"pl-PL"},{"@type":"Organization","@id":"https:\/\/verigo.eu\/#organization","name":"Sklep na Biela\u0144skiej","alternateName":"Verigo-elegancka klasyczna odzie\u017c damska","url":"https:\/\/verigo.eu\/","logo":{"@type":"ImageObject","inLanguage":"pl-PL","@id":"https:\/\/verigo.eu\/#\/schema\/logo\/image\/","url":"https:\/\/verigo.eu\/wp-content\/uploads\/2025\/10\/logo-Orginalkopia-jasne-tlo-2-1-scaled.jpg","contentUrl":"https:\/\/verigo.eu\/wp-content\/uploads\/2025\/10\/logo-Orginalkopia-jasne-tlo-2-1-scaled.jpg","width":2560,"height":2476,"caption":"Sklep na Biela\u0144skiej"},"image":{"@id":"https:\/\/verigo.eu\/#\/schema\/logo\/image\/"},"sameAs":["https:\/\/www.facebook.com\/share\/1Cbtke1F4g\/","https:\/\/instagram.com\/verigoodziezdamska\/"]}]}},"_links":{"self":[{"href":"https:\/\/verigo.eu\/index.php\/wp-json\/wp\/v2\/pages\/370","targetHints":{"allow":["GET"]}}],"collection":[{"href":"https:\/\/verigo.eu\/index.php\/wp-json\/wp\/v2\/pages"}],"about":[{"href":"https:\/\/verigo.eu\/index.php\/wp-json\/wp\/v2\/types\/page"}],"author":[{"embeddable":true,"href":"https:\/\/verigo.eu\/index.php\/wp-json\/wp\/v2\/users\/1"}],"replies":[{"embeddable":true,"href":"https:\/\/verigo.eu\/index.php\/wp-json\/wp\/v2\/comments?post=370"}],"version-history":[{"count":8,"href":"https:\/\/verigo.eu\/index.php\/wp-json\/wp\/v2\/pages\/370\/revisions"}],"predecessor-version":[{"id":686,"href":"https:\/\/verigo.eu\/index.php\/wp-json\/wp\/v2\/pages\/370\/revisions\/686"}],"up":[{"embeddable":true,"href":"https:\/\/verigo.eu\/index.php\/wp-json\/wp\/v2\/pages\/47"}],"wp:attachment":[{"href":"https:\/\/verigo.eu\/index.php\/wp-json\/wp\/v2\/media?parent=370"}],"curies":[{"name":"wp","href":"https:\/\/api.w.org\/{rel}","templated":true}]}}