{"id":236,"date":"2025-09-15T09:57:49","date_gmt":"2025-09-15T09:57:49","guid":{"rendered":"https:\/\/verigo.eu\/?page_id=236"},"modified":"2025-09-16T03:39:31","modified_gmt":"2025-09-16T03:39:31","slug":"ds","status":"publish","type":"page","link":"https:\/\/verigo.eu\/index.php\/ds\/","title":{"rendered":"Polityka prywatno\u015bci"},"content":{"rendered":"\n<p>Polityka prywatno\u015bci zgodnie z sugesti\u0105 WordPress<\/p>\n\n\n\n<p>Sugerowany tekst: Adres naszej strony internetowej to: https:\/\/verigo.eu.<br>Komentarze<\/p>\n\n\n\n<p>Sugerowany tekst: Kiedy odwiedzaj\u0105cy zostawiaj\u0105 komentarze w witrynie, zbieramy dane widoczne w formularzu komentarzy, a tak\u017ce adres IP odwiedzaj\u0105cego i ci\u0105g agenta u\u017cytkownika przegl\u0105darki, aby pom\u00f3c w wykrywaniu spamu.<\/p>\n\n\n\n<p>Zanonimizowany ci\u0105g znak\u00f3w utworzony na podstawie Twojego adresu e-mail (zwany r\u00f3wnie\u017c hashem) mo\u017ce zosta\u0107 przes\u0142any do us\u0142ugi Gravatar w celu sprawdzenia, czy jej u\u017cywasz. Polityka prywatno\u015bci us\u0142ugi Gravatar jest dost\u0119pna tutaj: https:\/\/automattic.com\/privacy\/. Po zatwierdzeniu komentarza, Twoje zdj\u0119cie profilowe jest widoczne publicznie w kontek\u015bcie Twojego komentarza.<br>Media<\/p>\n\n\n\n<p>Sugerowany tekst: Je\u015bli przesy\u0142asz na stron\u0119 obrazy, unikaj przesy\u0142ania obraz\u00f3w z osadzonymi danymi lokalizacji (EXIF GPS). Odwiedzaj\u0105cy stron\u0119 mog\u0105 pobra\u0107 i odczyta\u0107 wszelkie dane dotycz\u0105ce lokalizacji z obrazk\u00f3w w witrynie. Pliki cookie<\/p>\n\n\n\n<p>Sugerowany tekst: Je\u015bli zostawisz komentarz na naszej stronie, mo\u017cesz wyrazi\u0107 zgod\u0119 na zapisanie swojego imienia i nazwiska, adresu e-mail i adresu witryny w plikach cookie. S\u0142u\u017c\u0105 one Twojej wygodzie, dzi\u0119ki czemu nie musisz ponownie wprowadza\u0107 swoich danych, gdy b\u0119dziesz zostawia\u0107 kolejny komentarz. Te pliki cookie b\u0119d\u0105 wa\u017cne przez rok.<\/p>\n\n\n\n<p>Je\u015bli odwiedzisz nasz\u0105 stron\u0119 logowania, ustawimy tymczasowy plik cookie, aby sprawdzi\u0107, czy Twoja przegl\u0105darka akceptuje pliki cookie. Ten plik cookie nie zawiera danych osobowych i jest usuwany po zamkni\u0119ciu przegl\u0105darki.<\/p>\n\n\n\n<p>Po zalogowaniu utworzymy r\u00f3wnie\u017c kilka plik\u00f3w cookie, aby zapisa\u0107 Twoje dane logowania i wybrane ustawienia wy\u015bwietlania ekranu. Pliki cookie logowania s\u0105 wa\u017cne przez dwa dni, a pliki cookie opcji wy\u015bwietlania przez rok. Je\u015bli wybierzesz opcj\u0119 \u201eZapami\u0119taj mnie\u201d, Twoje logowanie b\u0119dzie trwa\u0142o dwa tygodnie. Je\u015bli wylogujesz si\u0119 ze swojego konta, pliki cookie logowania zostan\u0105 usuni\u0119te.<\/p>\n\n\n\n<p>Je\u015bli edytujesz lub publikujesz artyku\u0142, w Twojej przegl\u0105darce zostanie zapisany dodatkowy plik cookie. Ten plik cookie nie zawiera danych osobowych i wskazuje jedynie identyfikator edytowanego artyku\u0142u. Wygasa po 1 dniu. Osadzone tre\u015bci z innych witryn<\/p>\n\n\n\n<p>Sugerowany tekst: Artyku\u0142y na tej stronie mog\u0105 zawiera\u0107 osadzone tre\u015bci (np. filmy, obrazy, artyku\u0142y itp.). Osadzone tre\u015bci z innych witryn zachowuj\u0105 si\u0119 dok\u0142adnie tak samo, jakby u\u017cytkownik odwiedzi\u0142 t\u0119 inn\u0105 witryn\u0119.<\/p>\n\n\n\n<p>Te witryny mog\u0105 gromadzi\u0107 dane o Tobie, u\u017cywa\u0107 plik\u00f3w cookie, osadza\u0107 dodatkowe narz\u0119dzia \u015bledzenia stron trzecich i monitorowa\u0107 Twoj\u0105 interakcj\u0119 z osadzonymi tre\u015bciami, w tym \u015bledzi\u0107 Twoj\u0105 interakcj\u0119 z osadzonymi tre\u015bciami, je\u015bli posiadasz konto i jeste\u015b zalogowany w tej witrynie.<br>Z kim udost\u0119pniamy Twoje dane<\/p>\n\n\n\n<p>Sugerowany tekst: Je\u015bli poprosisz o zresetowanie has\u0142a, Tw\u00f3j adres IP zostanie uwzgl\u0119dniony w e-mailu z resetem has\u0142a.<br>Jak d\u0142ugo przechowujemy Twoje dane<\/p>\n\n\n\n<p>Sugerowany tekst: Je\u015bli zostawisz komentarz, komentarz i jego metadane zostan\u0105 zachowane na czas nieokre\u015blony. Dzi\u0119ki temu mo\u017cemy automatycznie rozpoznawa\u0107 i zatwierdza\u0107 kolejne komentarze, zamiast trzyma\u0107 je w kolejce do moderacji.<\/p>\n\n\n\n<p>W przypadku u\u017cytkownik\u00f3w, kt\u00f3rzy zarejestruj\u0105 si\u0119 na naszej stronie (je\u015bli takowi istniej\u0105), przechowujemy r\u00f3wnie\u017c dane osobowe podane w ich profilu u\u017cytkownika. Wszyscy u\u017cytkownicy mog\u0105 w dowolnym momencie przegl\u0105da\u0107, edytowa\u0107 lub usuwa\u0107 swoje dane osobowe (z wyj\u0105tkiem nazwy u\u017cytkownika, kt\u00f3rej nie mo\u017cna zmieni\u0107). Administratorzy witryny r\u00f3wnie\u017c mog\u0105 przegl\u0105da\u0107 i edytowa\u0107 te informacje.<br>Jakie masz prawa do swoich danych?<\/p>\n\n\n\n<p>Sugerowany tekst: Je\u015bli masz konto w tej witrynie lub doda\u0142e\u015b komentarze, mo\u017cesz za\u017c\u0105da\u0107 wyeksportowanego pliku z danymi osobowymi, kt\u00f3re przechowujemy na Tw\u00f3j temat, w tym wszelkimi danymi, kt\u00f3re nam dostarczy\u0142e\u015b. Mo\u017cesz r\u00f3wnie\u017c za\u017c\u0105da\u0107 usuni\u0119cia przez nas wszelkich danych osobowych, kt\u00f3re przechowujemy na Tw\u00f3j temat. Nie dotyczy to danych, kt\u00f3re jeste\u015bmy zobowi\u0105zani przechowywa\u0107 ze wzgl\u0119d\u00f3w administracyjnych, prawnych lub bezpiecze\u0144stwa.<br>Gdzie przesy\u0142ane s\u0105 Twoje dane?<\/p>\n\n\n\n<p>Sugerowany tekst: Komentarze go\u015bci mog\u0105 by\u0107 sprawdzane za pomoc\u0105 automatycznej us\u0142ugi wykrywania spamu.<\/p>\n","protected":false},"excerpt":{"rendered":"<p>Polityka prywatno\u015bci zgodnie z sugesti\u0105 WordPress Sugerowany tekst: Adres naszej strony internetowej to: https:\/\/verigo.eu.Komentarze Sugerowany tekst: Kiedy odwiedzaj\u0105cy zostawiaj\u0105 komentarze w witrynie, zbieramy dane widoczne w formularzu komentarzy, a tak\u017ce adres IP odwiedzaj\u0105cego i ci\u0105g agenta u\u017cytkownika przegl\u0105darki, aby pom\u00f3c w wykrywaniu spamu. Zanonimizowany ci\u0105g [&hellip;]<\/p>\n","protected":false},"author":1,"featured_media":0,"parent":0,"menu_order":0,"comment_status":"closed","ping_status":"closed","template":"","meta":{"_monsterinsights_skip_tracking":false,"_monsterinsights_sitenote_active":false,"_monsterinsights_sitenote_note":"","_monsterinsights_sitenote_category":0,"footnotes":""},"class_list":["post-236","page","type-page","status-publish","hentry"],"yoast_head":"<!-- This site is optimized with the Yoast SEO plugin v27.4 - https:\/\/yoast.com\/product\/yoast-seo-wordpress\/ -->\n<title>Polityka prywatno\u015bci - Sklep na Biela\u0144skiej 6<\/title>\n<meta name=\"robots\" content=\"index, follow, max-snippet:-1, max-image-preview:large, max-video-preview:-1\" \/>\n<link rel=\"canonical\" href=\"https:\/\/verigo.eu\/index.php\/ds\/\" \/>\n<meta property=\"og:locale\" content=\"pl_PL\" \/>\n<meta property=\"og:type\" content=\"article\" \/>\n<meta property=\"og:title\" content=\"Polityka prywatno\u015bci - Sklep na Biela\u0144skiej 6\" \/>\n<meta property=\"og:description\" content=\"Polityka prywatno\u015bci zgodnie z sugesti\u0105 WordPress Sugerowany tekst: Adres naszej strony internetowej to: https:\/\/verigo.eu.Komentarze Sugerowany tekst: Kiedy odwiedzaj\u0105cy zostawiaj\u0105 komentarze w witrynie, zbieramy dane widoczne w formularzu komentarzy, a tak\u017ce adres IP odwiedzaj\u0105cego i ci\u0105g agenta u\u017cytkownika przegl\u0105darki, aby pom\u00f3c w wykrywaniu spamu. Zanonimizowany ci\u0105g [&hellip;]\" \/>\n<meta property=\"og:url\" content=\"https:\/\/verigo.eu\/index.php\/ds\/\" \/>\n<meta property=\"og:site_name\" content=\"Sklep na Biela\u0144skiej 6\" \/>\n<meta property=\"article:publisher\" content=\"https:\/\/www.facebook.com\/share\/1Cbtke1F4g\/\" \/>\n<meta property=\"article:modified_time\" content=\"2025-09-16T03:39:31+00:00\" \/>\n<meta name=\"twitter:card\" content=\"summary_large_image\" \/>\n<meta name=\"twitter:label1\" content=\"Szacowany czas czytania\" \/>\n\t<meta name=\"twitter:data1\" content=\"3 minuty\" \/>\n<script type=\"application\/ld+json\" class=\"yoast-schema-graph\">{\"@context\":\"https:\\\/\\\/schema.org\",\"@graph\":[{\"@type\":\"WebPage\",\"@id\":\"https:\\\/\\\/verigo.eu\\\/index.php\\\/ds\\\/\",\"url\":\"https:\\\/\\\/verigo.eu\\\/index.php\\\/ds\\\/\",\"name\":\"Polityka prywatno\u015bci - Sklep na Biela\u0144skiej 6\",\"isPartOf\":{\"@id\":\"https:\\\/\\\/verigo.eu\\\/#website\"},\"datePublished\":\"2025-09-15T09:57:49+00:00\",\"dateModified\":\"2025-09-16T03:39:31+00:00\",\"breadcrumb\":{\"@id\":\"https:\\\/\\\/verigo.eu\\\/index.php\\\/ds\\\/#breadcrumb\"},\"inLanguage\":\"pl-PL\",\"potentialAction\":[{\"@type\":\"ReadAction\",\"target\":[\"https:\\\/\\\/verigo.eu\\\/index.php\\\/ds\\\/\"]}]},{\"@type\":\"BreadcrumbList\",\"@id\":\"https:\\\/\\\/verigo.eu\\\/index.php\\\/ds\\\/#breadcrumb\",\"itemListElement\":[{\"@type\":\"ListItem\",\"position\":1,\"name\":\"Strona g\u0142\u00f3wna\",\"item\":\"https:\\\/\\\/verigo.eu\\\/\"},{\"@type\":\"ListItem\",\"position\":2,\"name\":\"Polityka prywatno\u015bci\"}]},{\"@type\":\"WebSite\",\"@id\":\"https:\\\/\\\/verigo.eu\\\/#website\",\"url\":\"https:\\\/\\\/verigo.eu\\\/\",\"name\":\"Sklep na Biela\u0144skiej\",\"description\":\"Biela\u0144ska 6 , Warszawa, tel. 511 227 767\",\"publisher\":{\"@id\":\"https:\\\/\\\/verigo.eu\\\/#organization\"},\"alternateName\":\"elegancka klasyczna odzie\u017c damska\",\"potentialAction\":[{\"@type\":\"SearchAction\",\"target\":{\"@type\":\"EntryPoint\",\"urlTemplate\":\"https:\\\/\\\/verigo.eu\\\/?s={search_term_string}\"},\"query-input\":{\"@type\":\"PropertyValueSpecification\",\"valueRequired\":true,\"valueName\":\"search_term_string\"}}],\"inLanguage\":\"pl-PL\"},{\"@type\":\"Organization\",\"@id\":\"https:\\\/\\\/verigo.eu\\\/#organization\",\"name\":\"Sklep na Biela\u0144skiej\",\"alternateName\":\"Verigo-elegancka klasyczna odzie\u017c damska\",\"url\":\"https:\\\/\\\/verigo.eu\\\/\",\"logo\":{\"@type\":\"ImageObject\",\"inLanguage\":\"pl-PL\",\"@id\":\"https:\\\/\\\/verigo.eu\\\/#\\\/schema\\\/logo\\\/image\\\/\",\"url\":\"https:\\\/\\\/verigo.eu\\\/wp-content\\\/uploads\\\/2025\\\/10\\\/logo-Orginalkopia-jasne-tlo-2-1-scaled.jpg\",\"contentUrl\":\"https:\\\/\\\/verigo.eu\\\/wp-content\\\/uploads\\\/2025\\\/10\\\/logo-Orginalkopia-jasne-tlo-2-1-scaled.jpg\",\"width\":2560,\"height\":2476,\"caption\":\"Sklep na Biela\u0144skiej\"},\"image\":{\"@id\":\"https:\\\/\\\/verigo.eu\\\/#\\\/schema\\\/logo\\\/image\\\/\"},\"sameAs\":[\"https:\\\/\\\/www.facebook.com\\\/share\\\/1Cbtke1F4g\\\/\",\"https:\\\/\\\/instagram.com\\\/verigoodziezdamska\\\/\"]}]}<\/script>\n<!-- \/ Yoast SEO plugin. -->","yoast_head_json":{"title":"Polityka prywatno\u015bci - Sklep na Biela\u0144skiej 6","robots":{"index":"index","follow":"follow","max-snippet":"max-snippet:-1","max-image-preview":"max-image-preview:large","max-video-preview":"max-video-preview:-1"},"canonical":"https:\/\/verigo.eu\/index.php\/ds\/","og_locale":"pl_PL","og_type":"article","og_title":"Polityka prywatno\u015bci - Sklep na Biela\u0144skiej 6","og_description":"Polityka prywatno\u015bci zgodnie z sugesti\u0105 WordPress Sugerowany tekst: Adres naszej strony internetowej to: https:\/\/verigo.eu.Komentarze Sugerowany tekst: Kiedy odwiedzaj\u0105cy zostawiaj\u0105 komentarze w witrynie, zbieramy dane widoczne w formularzu komentarzy, a tak\u017ce adres IP odwiedzaj\u0105cego i ci\u0105g agenta u\u017cytkownika przegl\u0105darki, aby pom\u00f3c w wykrywaniu spamu. Zanonimizowany ci\u0105g [&hellip;]","og_url":"https:\/\/verigo.eu\/index.php\/ds\/","og_site_name":"Sklep na Biela\u0144skiej 6","article_publisher":"https:\/\/www.facebook.com\/share\/1Cbtke1F4g\/","article_modified_time":"2025-09-16T03:39:31+00:00","twitter_card":"summary_large_image","twitter_misc":{"Szacowany czas czytania":"3 minuty"},"schema":{"@context":"https:\/\/schema.org","@graph":[{"@type":"WebPage","@id":"https:\/\/verigo.eu\/index.php\/ds\/","url":"https:\/\/verigo.eu\/index.php\/ds\/","name":"Polityka prywatno\u015bci - Sklep na Biela\u0144skiej 6","isPartOf":{"@id":"https:\/\/verigo.eu\/#website"},"datePublished":"2025-09-15T09:57:49+00:00","dateModified":"2025-09-16T03:39:31+00:00","breadcrumb":{"@id":"https:\/\/verigo.eu\/index.php\/ds\/#breadcrumb"},"inLanguage":"pl-PL","potentialAction":[{"@type":"ReadAction","target":["https:\/\/verigo.eu\/index.php\/ds\/"]}]},{"@type":"BreadcrumbList","@id":"https:\/\/verigo.eu\/index.php\/ds\/#breadcrumb","itemListElement":[{"@type":"ListItem","position":1,"name":"Strona g\u0142\u00f3wna","item":"https:\/\/verigo.eu\/"},{"@type":"ListItem","position":2,"name":"Polityka prywatno\u015bci"}]},{"@type":"WebSite","@id":"https:\/\/verigo.eu\/#website","url":"https:\/\/verigo.eu\/","name":"Sklep na Biela\u0144skiej","description":"Biela\u0144ska 6 , Warszawa, tel. 511 227 767","publisher":{"@id":"https:\/\/verigo.eu\/#organization"},"alternateName":"elegancka klasyczna odzie\u017c damska","potentialAction":[{"@type":"SearchAction","target":{"@type":"EntryPoint","urlTemplate":"https:\/\/verigo.eu\/?s={search_term_string}"},"query-input":{"@type":"PropertyValueSpecification","valueRequired":true,"valueName":"search_term_string"}}],"inLanguage":"pl-PL"},{"@type":"Organization","@id":"https:\/\/verigo.eu\/#organization","name":"Sklep na Biela\u0144skiej","alternateName":"Verigo-elegancka klasyczna odzie\u017c damska","url":"https:\/\/verigo.eu\/","logo":{"@type":"ImageObject","inLanguage":"pl-PL","@id":"https:\/\/verigo.eu\/#\/schema\/logo\/image\/","url":"https:\/\/verigo.eu\/wp-content\/uploads\/2025\/10\/logo-Orginalkopia-jasne-tlo-2-1-scaled.jpg","contentUrl":"https:\/\/verigo.eu\/wp-content\/uploads\/2025\/10\/logo-Orginalkopia-jasne-tlo-2-1-scaled.jpg","width":2560,"height":2476,"caption":"Sklep na Biela\u0144skiej"},"image":{"@id":"https:\/\/verigo.eu\/#\/schema\/logo\/image\/"},"sameAs":["https:\/\/www.facebook.com\/share\/1Cbtke1F4g\/","https:\/\/instagram.com\/verigoodziezdamska\/"]}]}},"_links":{"self":[{"href":"https:\/\/verigo.eu\/index.php\/wp-json\/wp\/v2\/pages\/236","targetHints":{"allow":["GET"]}}],"collection":[{"href":"https:\/\/verigo.eu\/index.php\/wp-json\/wp\/v2\/pages"}],"about":[{"href":"https:\/\/verigo.eu\/index.php\/wp-json\/wp\/v2\/types\/page"}],"author":[{"embeddable":true,"href":"https:\/\/verigo.eu\/index.php\/wp-json\/wp\/v2\/users\/1"}],"replies":[{"embeddable":true,"href":"https:\/\/verigo.eu\/index.php\/wp-json\/wp\/v2\/comments?post=236"}],"version-history":[{"count":3,"href":"https:\/\/verigo.eu\/index.php\/wp-json\/wp\/v2\/pages\/236\/revisions"}],"predecessor-version":[{"id":263,"href":"https:\/\/verigo.eu\/index.php\/wp-json\/wp\/v2\/pages\/236\/revisions\/263"}],"wp:attachment":[{"href":"https:\/\/verigo.eu\/index.php\/wp-json\/wp\/v2\/media?parent=236"}],"curies":[{"name":"wp","href":"https:\/\/api.w.org\/{rel}","templated":true}]}}