{"id":171,"date":"2025-09-13T10:46:49","date_gmt":"2025-09-13T10:46:49","guid":{"rendered":"https:\/\/verigo.eu\/?page_id=171"},"modified":"2025-11-15T11:13:17","modified_gmt":"2025-11-15T11:13:17","slug":"plaszcze-2","status":"publish","type":"page","link":"https:\/\/verigo.eu\/index.php\/gotowe-ubrania-damskie\/plaszcze-2\/","title":{"rendered":"p\u0142aszcze, kurtki"},"content":{"rendered":"\n<p class=\"has-larger-font-size\">p\u0142aszcze, kurtki &#8211; nasz styl<\/p>\n\n\n\n<p>W sklepie mamy wzory \u017cakiet\u00f3w, ale w zasadzie \u017cakiety, podobnie jak p\u0142aszcze,<a href=\"https:\/\/verigo.eu\/index.php\/szycie-na-miare\/\"> <strong><mark style=\"background-color:rgba(0, 0, 0, 0)\" class=\"has-inline-color has-blue-color\">szyjemy na zm\u00f3wienie<\/mark><\/strong><\/a>. Jedynie l\u017cejsze kurtki i kamizelki szyjemy bez zam\u00f3wienia, do wyboru w sklepie.<\/p>\n\n\n\n<div class=\"wp-block-columns is-layout-flex wp-container-core-columns-is-layout-9d6595d7 wp-block-columns-is-layout-flex\">\n<div class=\"wp-block-column is-layout-flow wp-block-column-is-layout-flow\">\n<figure class=\"wp-block-image size-large\"><img loading=\"lazy\" decoding=\"async\" width=\"445\" height=\"1024\" src=\"https:\/\/verigo.eu\/wp-content\/uploads\/2025\/09\/IMG_2804-445x1024.jpg\" alt=\"p\u0142aszcz we\u0142niany\" class=\"wp-image-396\" srcset=\"https:\/\/verigo.eu\/wp-content\/uploads\/2025\/09\/IMG_2804-445x1024.jpg 445w, https:\/\/verigo.eu\/wp-content\/uploads\/2025\/09\/IMG_2804-131x300.jpg 131w, https:\/\/verigo.eu\/wp-content\/uploads\/2025\/09\/IMG_2804-768x1765.jpg 768w, https:\/\/verigo.eu\/wp-content\/uploads\/2025\/09\/IMG_2804-668x1536.jpg 668w, https:\/\/verigo.eu\/wp-content\/uploads\/2025\/09\/IMG_2804.jpg 844w\" sizes=\"auto, (max-width: 445px) 100vw, 445px\" \/><\/figure>\n<\/div>\n\n\n\n<div class=\"wp-block-column is-layout-flow wp-block-column-is-layout-flow\">\n<figure class=\"wp-block-image size-large is-resized\"><img loading=\"lazy\" decoding=\"async\" width=\"311\" height=\"1024\" src=\"https:\/\/verigo.eu\/wp-content\/uploads\/2025\/09\/IMG_2815-311x1024.jpg\" alt=\"kurtka we\u0142niana\" class=\"wp-image-397\" style=\"width:181px;height:auto\" srcset=\"https:\/\/verigo.eu\/wp-content\/uploads\/2025\/09\/IMG_2815-311x1024.jpg 311w, https:\/\/verigo.eu\/wp-content\/uploads\/2025\/09\/IMG_2815-91x300.jpg 91w, https:\/\/verigo.eu\/wp-content\/uploads\/2025\/09\/IMG_2815-466x1536.jpg 466w, https:\/\/verigo.eu\/wp-content\/uploads\/2025\/09\/IMG_2815.jpg 529w\" sizes=\"auto, (max-width: 311px) 100vw, 311px\" \/><\/figure>\n<\/div>\n\n\n\n<div class=\"wp-block-column is-layout-flow wp-block-column-is-layout-flow\">\n<figure class=\"wp-block-image size-large is-resized\"><img loading=\"lazy\" decoding=\"async\" width=\"387\" height=\"1024\" src=\"https:\/\/verigo.eu\/wp-content\/uploads\/2025\/09\/IMG_2817-387x1024.jpg\" alt=\"kurtka we\u0142niana\" class=\"wp-image-398\" style=\"width:228px;height:auto\" srcset=\"https:\/\/verigo.eu\/wp-content\/uploads\/2025\/09\/IMG_2817-387x1024.jpg 387w, https:\/\/verigo.eu\/wp-content\/uploads\/2025\/09\/IMG_2817-113x300.jpg 113w, https:\/\/verigo.eu\/wp-content\/uploads\/2025\/09\/IMG_2817-581x1536.jpg 581w, https:\/\/verigo.eu\/wp-content\/uploads\/2025\/09\/IMG_2817.jpg 751w\" sizes=\"auto, (max-width: 387px) 100vw, 387px\" \/><\/figure>\n<\/div>\n<\/div>\n\n\n\n<div class=\"wp-block-columns is-layout-flex wp-container-core-columns-is-layout-9d6595d7 wp-block-columns-is-layout-flex\">\n<div class=\"wp-block-column is-layout-flow wp-block-column-is-layout-flow\">\n<figure class=\"wp-block-image size-large is-resized\"><img loading=\"lazy\" decoding=\"async\" width=\"327\" height=\"1024\" src=\"https:\/\/verigo.eu\/wp-content\/uploads\/2025\/10\/IMG_4712-327x1024.jpg\" alt=\"kurtka i spodnie\" class=\"wp-image-668\" style=\"width:240px;height:auto\" srcset=\"https:\/\/verigo.eu\/wp-content\/uploads\/2025\/10\/IMG_4712-327x1024.jpg 327w, https:\/\/verigo.eu\/wp-content\/uploads\/2025\/10\/IMG_4712-96x300.jpg 96w, https:\/\/verigo.eu\/wp-content\/uploads\/2025\/10\/IMG_4712-490x1536.jpg 490w\" sizes=\"auto, (max-width: 327px) 100vw, 327px\" \/><\/figure>\n<\/div>\n\n\n\n<div class=\"wp-block-column is-layout-flow wp-block-column-is-layout-flow\">\n<figure class=\"wp-block-image size-large is-resized\"><img loading=\"lazy\" decoding=\"async\" width=\"484\" height=\"1024\" src=\"https:\/\/verigo.eu\/wp-content\/uploads\/2025\/10\/IMG_4549-484x1024.jpg\" alt=\"p\u0142aszcz we\u0142niany\" class=\"wp-image-665\" style=\"width:299px;height:auto\" srcset=\"https:\/\/verigo.eu\/wp-content\/uploads\/2025\/10\/IMG_4549-484x1024.jpg 484w, https:\/\/verigo.eu\/wp-content\/uploads\/2025\/10\/IMG_4549-142x300.jpg 142w, https:\/\/verigo.eu\/wp-content\/uploads\/2025\/10\/IMG_4549-768x1625.jpg 768w, https:\/\/verigo.eu\/wp-content\/uploads\/2025\/10\/IMG_4549-726x1536.jpg 726w, https:\/\/verigo.eu\/wp-content\/uploads\/2025\/10\/IMG_4549-968x2048.jpg 968w, https:\/\/verigo.eu\/wp-content\/uploads\/2025\/10\/IMG_4549-scaled.jpg 1210w\" sizes=\"auto, (max-width: 484px) 100vw, 484px\" \/><\/figure>\n<\/div>\n<\/div>\n\n\n\n<div class=\"wp-block-columns is-layout-flex wp-container-core-columns-is-layout-9d6595d7 wp-block-columns-is-layout-flex\">\n<div class=\"wp-block-column is-layout-flow wp-block-column-is-layout-flow\" style=\"flex-basis:33.33%\">\n<figure class=\"wp-block-image size-large is-resized\"><img loading=\"lazy\" decoding=\"async\" width=\"421\" height=\"1024\" src=\"https:\/\/verigo.eu\/wp-content\/uploads\/2025\/09\/IMG_2818-421x1024.jpg\" alt=\"\" class=\"wp-image-399\" style=\"width:187px;height:auto\" srcset=\"https:\/\/verigo.eu\/wp-content\/uploads\/2025\/09\/IMG_2818-421x1024.jpg 421w, https:\/\/verigo.eu\/wp-content\/uploads\/2025\/09\/IMG_2818-123x300.jpg 123w, https:\/\/verigo.eu\/wp-content\/uploads\/2025\/09\/IMG_2818-768x1867.jpg 768w, https:\/\/verigo.eu\/wp-content\/uploads\/2025\/09\/IMG_2818-632x1536.jpg 632w, https:\/\/verigo.eu\/wp-content\/uploads\/2025\/09\/IMG_2818-843x2048.jpg 843w, https:\/\/verigo.eu\/wp-content\/uploads\/2025\/09\/IMG_2818.jpg 1010w\" sizes=\"auto, (max-width: 421px) 100vw, 421px\" \/><\/figure>\n<\/div>\n\n\n\n<div class=\"wp-block-column is-layout-flow wp-block-column-is-layout-flow\" style=\"flex-basis:66.66%\">\n<p class=\"has-larger-font-size\"><\/p>\n\n\n\n<p class=\"has-larger-font-size\">w naszej ofercie mamy jeszcze p\u0142aszcze i kurtki , tzw.&#8221;pik\u00f3wki&#8221;, kt\u00f3rych poszycie nie jest z tkanin naturalnych. Zdj\u0119cia niekt\u00f3rych modeli poni\u017cej.<\/p>\n<\/div>\n<\/div>\n\n\n\n<div class=\"wp-block-columns is-layout-flex wp-container-core-columns-is-layout-9d6595d7 wp-block-columns-is-layout-flex\">\n<div class=\"wp-block-column is-layout-flow wp-block-column-is-layout-flow\">\n<figure class=\"wp-block-image size-large is-resized\"><img loading=\"lazy\" decoding=\"async\" width=\"323\" height=\"1024\" src=\"https:\/\/verigo.eu\/wp-content\/uploads\/2025\/09\/IMG_3930a-2021_03_03-12_43_45-UTC-323x1024.jpg\" alt=\"p\u0142aszcz\" class=\"wp-image-400\" style=\"width:199px;height:auto\" srcset=\"https:\/\/verigo.eu\/wp-content\/uploads\/2025\/09\/IMG_3930a-2021_03_03-12_43_45-UTC-323x1024.jpg 323w, https:\/\/verigo.eu\/wp-content\/uploads\/2025\/09\/IMG_3930a-2021_03_03-12_43_45-UTC-95x300.jpg 95w, https:\/\/verigo.eu\/wp-content\/uploads\/2025\/09\/IMG_3930a-2021_03_03-12_43_45-UTC-768x2432.jpg 768w, https:\/\/verigo.eu\/wp-content\/uploads\/2025\/09\/IMG_3930a-2021_03_03-12_43_45-UTC-485x1536.jpg 485w, https:\/\/verigo.eu\/wp-content\/uploads\/2025\/09\/IMG_3930a-2021_03_03-12_43_45-UTC-scaled.jpg 808w\" sizes=\"auto, (max-width: 323px) 100vw, 323px\" \/><\/figure>\n<\/div>\n\n\n\n<div class=\"wp-block-column is-layout-flow wp-block-column-is-layout-flow\">\n<figure class=\"wp-block-image size-large is-resized\"><img loading=\"lazy\" decoding=\"async\" width=\"363\" height=\"1024\" src=\"https:\/\/verigo.eu\/wp-content\/uploads\/2025\/09\/IMG_3938a-2021_03_03-12_43_45-UTC-363x1024.jpg\" alt=\"kurtka pik\u00f3wka\" class=\"wp-image-401\" style=\"width:216px;height:auto\" srcset=\"https:\/\/verigo.eu\/wp-content\/uploads\/2025\/09\/IMG_3938a-2021_03_03-12_43_45-UTC-363x1024.jpg 363w, https:\/\/verigo.eu\/wp-content\/uploads\/2025\/09\/IMG_3938a-2021_03_03-12_43_45-UTC-106x300.jpg 106w, https:\/\/verigo.eu\/wp-content\/uploads\/2025\/09\/IMG_3938a-2021_03_03-12_43_45-UTC-768x2164.jpg 768w, https:\/\/verigo.eu\/wp-content\/uploads\/2025\/09\/IMG_3938a-2021_03_03-12_43_45-UTC-545x1536.jpg 545w, https:\/\/verigo.eu\/wp-content\/uploads\/2025\/09\/IMG_3938a-2021_03_03-12_43_45-UTC-727x2048.jpg 727w, https:\/\/verigo.eu\/wp-content\/uploads\/2025\/09\/IMG_3938a-2021_03_03-12_43_45-UTC-scaled.jpg 908w\" sizes=\"auto, (max-width: 363px) 100vw, 363px\" \/><\/figure>\n<\/div>\n<\/div>\n\n\n\n<div class=\"wp-block-columns is-layout-flex wp-container-core-columns-is-layout-9d6595d7 wp-block-columns-is-layout-flex\">\n<div class=\"wp-block-column is-layout-flow wp-block-column-is-layout-flow\">\n<figure class=\"wp-block-image size-large is-resized\"><img loading=\"lazy\" decoding=\"async\" width=\"515\" height=\"1024\" src=\"https:\/\/verigo.eu\/wp-content\/uploads\/2025\/09\/IMG_4097a-2021_10_17-04_36_56-UTC-515x1024.jpg\" alt=\"kurtka pik\u00f3wka\" class=\"wp-image-402\" style=\"width:271px;height:auto\" srcset=\"https:\/\/verigo.eu\/wp-content\/uploads\/2025\/09\/IMG_4097a-2021_10_17-04_36_56-UTC-515x1024.jpg 515w, https:\/\/verigo.eu\/wp-content\/uploads\/2025\/09\/IMG_4097a-2021_10_17-04_36_56-UTC-151x300.jpg 151w, https:\/\/verigo.eu\/wp-content\/uploads\/2025\/09\/IMG_4097a-2021_10_17-04_36_56-UTC-768x1526.jpg 768w, https:\/\/verigo.eu\/wp-content\/uploads\/2025\/09\/IMG_4097a-2021_10_17-04_36_56-UTC-773x1536.jpg 773w, https:\/\/verigo.eu\/wp-content\/uploads\/2025\/09\/IMG_4097a-2021_10_17-04_36_56-UTC-1030x2048.jpg 1030w, https:\/\/verigo.eu\/wp-content\/uploads\/2025\/09\/IMG_4097a-2021_10_17-04_36_56-UTC-scaled.jpg 1288w\" sizes=\"auto, (max-width: 515px) 100vw, 515px\" \/><\/figure>\n<\/div>\n\n\n\n<div class=\"wp-block-column is-layout-flow wp-block-column-is-layout-flow\">\n<figure class=\"wp-block-image size-large is-resized\"><img loading=\"lazy\" decoding=\"async\" width=\"525\" height=\"1024\" src=\"https:\/\/verigo.eu\/wp-content\/uploads\/2025\/09\/IMG_4101a-2021_10_17-04_36_56-UTC-525x1024.jpg\" alt=\"kurtka pik\u00f3wka\" class=\"wp-image-403\" style=\"width:271px;height:auto\" srcset=\"https:\/\/verigo.eu\/wp-content\/uploads\/2025\/09\/IMG_4101a-2021_10_17-04_36_56-UTC-525x1024.jpg 525w, https:\/\/verigo.eu\/wp-content\/uploads\/2025\/09\/IMG_4101a-2021_10_17-04_36_56-UTC-154x300.jpg 154w, https:\/\/verigo.eu\/wp-content\/uploads\/2025\/09\/IMG_4101a-2021_10_17-04_36_56-UTC-768x1498.jpg 768w, https:\/\/verigo.eu\/wp-content\/uploads\/2025\/09\/IMG_4101a-2021_10_17-04_36_56-UTC-788x1536.jpg 788w, https:\/\/verigo.eu\/wp-content\/uploads\/2025\/09\/IMG_4101a-2021_10_17-04_36_56-UTC-1050x2048.jpg 1050w, https:\/\/verigo.eu\/wp-content\/uploads\/2025\/09\/IMG_4101a-2021_10_17-04_36_56-UTC-scaled.jpg 1313w\" sizes=\"auto, (max-width: 525px) 100vw, 525px\" \/><\/figure>\n<\/div>\n<\/div>\n\n\n\n<p><\/p>\n","protected":false},"excerpt":{"rendered":"<p>p\u0142aszcze, kurtki &#8211; nasz styl W sklepie mamy wzory \u017cakiet\u00f3w, ale w zasadzie \u017cakiety, podobnie jak p\u0142aszcze, szyjemy na zm\u00f3wienie. Jedynie l\u017cejsze kurtki i kamizelki szyjemy bez zam\u00f3wienia, do wyboru w sklepie. w naszej ofercie mamy jeszcze p\u0142aszcze i kurtki , tzw.&#8221;pik\u00f3wki&#8221;, kt\u00f3rych poszycie nie [&hellip;]<\/p>\n","protected":false},"author":1,"featured_media":0,"parent":47,"menu_order":0,"comment_status":"closed","ping_status":"closed","template":"","meta":{"_monsterinsights_skip_tracking":false,"_monsterinsights_sitenote_active":false,"_monsterinsights_sitenote_note":"","_monsterinsights_sitenote_category":0,"footnotes":""},"class_list":["post-171","page","type-page","status-publish","hentry"],"yoast_head":"<!-- This site is optimized with the Yoast SEO plugin v27.4 - https:\/\/yoast.com\/product\/yoast-seo-wordpress\/ -->\n<title>p\u0142aszcze, kurtki - Sklep na Biela\u0144skiej 6<\/title>\n<meta name=\"robots\" content=\"index, follow, max-snippet:-1, max-image-preview:large, max-video-preview:-1\" \/>\n<link rel=\"canonical\" href=\"https:\/\/verigo.eu\/index.php\/gotowe-ubrania-damskie\/plaszcze-2\/\" \/>\n<meta property=\"og:locale\" content=\"pl_PL\" \/>\n<meta property=\"og:type\" content=\"article\" \/>\n<meta property=\"og:title\" content=\"p\u0142aszcze, kurtki - Sklep na Biela\u0144skiej 6\" \/>\n<meta property=\"og:description\" content=\"p\u0142aszcze, kurtki &#8211; nasz styl W sklepie mamy wzory \u017cakiet\u00f3w, ale w zasadzie \u017cakiety, podobnie jak p\u0142aszcze, szyjemy na zm\u00f3wienie. Jedynie l\u017cejsze kurtki i kamizelki szyjemy bez zam\u00f3wienia, do wyboru w sklepie. w naszej ofercie mamy jeszcze p\u0142aszcze i kurtki , tzw.&#8221;pik\u00f3wki&#8221;, kt\u00f3rych poszycie nie [&hellip;]\" \/>\n<meta property=\"og:url\" content=\"https:\/\/verigo.eu\/index.php\/gotowe-ubrania-damskie\/plaszcze-2\/\" \/>\n<meta property=\"og:site_name\" content=\"Sklep na Biela\u0144skiej 6\" \/>\n<meta property=\"article:publisher\" content=\"https:\/\/www.facebook.com\/share\/1Cbtke1F4g\/\" \/>\n<meta property=\"article:modified_time\" content=\"2025-11-15T11:13:17+00:00\" \/>\n<meta property=\"og:image\" content=\"https:\/\/verigo.eu\/wp-content\/uploads\/2025\/09\/IMG_2804.jpg\" \/>\n\t<meta property=\"og:image:width\" content=\"844\" \/>\n\t<meta property=\"og:image:height\" content=\"1940\" \/>\n\t<meta property=\"og:image:type\" content=\"image\/jpeg\" \/>\n<meta name=\"twitter:card\" content=\"summary_large_image\" \/>\n<meta name=\"twitter:label1\" content=\"Szacowany czas czytania\" \/>\n\t<meta name=\"twitter:data1\" content=\"3 minuty\" \/>\n<script type=\"application\/ld+json\" class=\"yoast-schema-graph\">{\"@context\":\"https:\\\/\\\/schema.org\",\"@graph\":[{\"@type\":\"WebPage\",\"@id\":\"https:\\\/\\\/verigo.eu\\\/index.php\\\/gotowe-ubrania-damskie\\\/plaszcze-2\\\/\",\"url\":\"https:\\\/\\\/verigo.eu\\\/index.php\\\/gotowe-ubrania-damskie\\\/plaszcze-2\\\/\",\"name\":\"p\u0142aszcze, kurtki - Sklep na Biela\u0144skiej 6\",\"isPartOf\":{\"@id\":\"https:\\\/\\\/verigo.eu\\\/#website\"},\"primaryImageOfPage\":{\"@id\":\"https:\\\/\\\/verigo.eu\\\/index.php\\\/gotowe-ubrania-damskie\\\/plaszcze-2\\\/#primaryimage\"},\"image\":{\"@id\":\"https:\\\/\\\/verigo.eu\\\/index.php\\\/gotowe-ubrania-damskie\\\/plaszcze-2\\\/#primaryimage\"},\"thumbnailUrl\":\"https:\\\/\\\/verigo.eu\\\/wp-content\\\/uploads\\\/2025\\\/09\\\/IMG_2804-445x1024.jpg\",\"datePublished\":\"2025-09-13T10:46:49+00:00\",\"dateModified\":\"2025-11-15T11:13:17+00:00\",\"breadcrumb\":{\"@id\":\"https:\\\/\\\/verigo.eu\\\/index.php\\\/gotowe-ubrania-damskie\\\/plaszcze-2\\\/#breadcrumb\"},\"inLanguage\":\"pl-PL\",\"potentialAction\":[{\"@type\":\"ReadAction\",\"target\":[\"https:\\\/\\\/verigo.eu\\\/index.php\\\/gotowe-ubrania-damskie\\\/plaszcze-2\\\/\"]}]},{\"@type\":\"ImageObject\",\"inLanguage\":\"pl-PL\",\"@id\":\"https:\\\/\\\/verigo.eu\\\/index.php\\\/gotowe-ubrania-damskie\\\/plaszcze-2\\\/#primaryimage\",\"url\":\"https:\\\/\\\/verigo.eu\\\/wp-content\\\/uploads\\\/2025\\\/09\\\/IMG_2804.jpg\",\"contentUrl\":\"https:\\\/\\\/verigo.eu\\\/wp-content\\\/uploads\\\/2025\\\/09\\\/IMG_2804.jpg\",\"width\":844,\"height\":1940,\"caption\":\"p\u0142aszcz\"},{\"@type\":\"BreadcrumbList\",\"@id\":\"https:\\\/\\\/verigo.eu\\\/index.php\\\/gotowe-ubrania-damskie\\\/plaszcze-2\\\/#breadcrumb\",\"itemListElement\":[{\"@type\":\"ListItem\",\"position\":1,\"name\":\"Strona g\u0142\u00f3wna\",\"item\":\"https:\\\/\\\/verigo.eu\\\/\"},{\"@type\":\"ListItem\",\"position\":2,\"name\":\"ubrania gotowe\",\"item\":\"https:\\\/\\\/verigo.eu\\\/index.php\\\/gotowe-ubrania-damskie\\\/\"},{\"@type\":\"ListItem\",\"position\":3,\"name\":\"p\u0142aszcze, kurtki\"}]},{\"@type\":\"WebSite\",\"@id\":\"https:\\\/\\\/verigo.eu\\\/#website\",\"url\":\"https:\\\/\\\/verigo.eu\\\/\",\"name\":\"Sklep na Biela\u0144skiej\",\"description\":\"Biela\u0144ska 6 , Warszawa, tel. 511 227 767\",\"publisher\":{\"@id\":\"https:\\\/\\\/verigo.eu\\\/#organization\"},\"alternateName\":\"elegancka klasyczna odzie\u017c damska\",\"potentialAction\":[{\"@type\":\"SearchAction\",\"target\":{\"@type\":\"EntryPoint\",\"urlTemplate\":\"https:\\\/\\\/verigo.eu\\\/?s={search_term_string}\"},\"query-input\":{\"@type\":\"PropertyValueSpecification\",\"valueRequired\":true,\"valueName\":\"search_term_string\"}}],\"inLanguage\":\"pl-PL\"},{\"@type\":\"Organization\",\"@id\":\"https:\\\/\\\/verigo.eu\\\/#organization\",\"name\":\"Sklep na Biela\u0144skiej\",\"alternateName\":\"Verigo-elegancka klasyczna odzie\u017c damska\",\"url\":\"https:\\\/\\\/verigo.eu\\\/\",\"logo\":{\"@type\":\"ImageObject\",\"inLanguage\":\"pl-PL\",\"@id\":\"https:\\\/\\\/verigo.eu\\\/#\\\/schema\\\/logo\\\/image\\\/\",\"url\":\"https:\\\/\\\/verigo.eu\\\/wp-content\\\/uploads\\\/2025\\\/10\\\/logo-Orginalkopia-jasne-tlo-2-1-scaled.jpg\",\"contentUrl\":\"https:\\\/\\\/verigo.eu\\\/wp-content\\\/uploads\\\/2025\\\/10\\\/logo-Orginalkopia-jasne-tlo-2-1-scaled.jpg\",\"width\":2560,\"height\":2476,\"caption\":\"Sklep na Biela\u0144skiej\"},\"image\":{\"@id\":\"https:\\\/\\\/verigo.eu\\\/#\\\/schema\\\/logo\\\/image\\\/\"},\"sameAs\":[\"https:\\\/\\\/www.facebook.com\\\/share\\\/1Cbtke1F4g\\\/\",\"https:\\\/\\\/instagram.com\\\/verigoodziezdamska\\\/\"]}]}<\/script>\n<!-- \/ Yoast SEO plugin. -->","yoast_head_json":{"title":"p\u0142aszcze, kurtki - Sklep na Biela\u0144skiej 6","robots":{"index":"index","follow":"follow","max-snippet":"max-snippet:-1","max-image-preview":"max-image-preview:large","max-video-preview":"max-video-preview:-1"},"canonical":"https:\/\/verigo.eu\/index.php\/gotowe-ubrania-damskie\/plaszcze-2\/","og_locale":"pl_PL","og_type":"article","og_title":"p\u0142aszcze, kurtki - Sklep na Biela\u0144skiej 6","og_description":"p\u0142aszcze, kurtki &#8211; nasz styl W sklepie mamy wzory \u017cakiet\u00f3w, ale w zasadzie \u017cakiety, podobnie jak p\u0142aszcze, szyjemy na zm\u00f3wienie. Jedynie l\u017cejsze kurtki i kamizelki szyjemy bez zam\u00f3wienia, do wyboru w sklepie. w naszej ofercie mamy jeszcze p\u0142aszcze i kurtki , tzw.&#8221;pik\u00f3wki&#8221;, kt\u00f3rych poszycie nie [&hellip;]","og_url":"https:\/\/verigo.eu\/index.php\/gotowe-ubrania-damskie\/plaszcze-2\/","og_site_name":"Sklep na Biela\u0144skiej 6","article_publisher":"https:\/\/www.facebook.com\/share\/1Cbtke1F4g\/","article_modified_time":"2025-11-15T11:13:17+00:00","og_image":[{"width":844,"height":1940,"url":"https:\/\/verigo.eu\/wp-content\/uploads\/2025\/09\/IMG_2804.jpg","type":"image\/jpeg"}],"twitter_card":"summary_large_image","twitter_misc":{"Szacowany czas czytania":"3 minuty"},"schema":{"@context":"https:\/\/schema.org","@graph":[{"@type":"WebPage","@id":"https:\/\/verigo.eu\/index.php\/gotowe-ubrania-damskie\/plaszcze-2\/","url":"https:\/\/verigo.eu\/index.php\/gotowe-ubrania-damskie\/plaszcze-2\/","name":"p\u0142aszcze, kurtki - Sklep na Biela\u0144skiej 6","isPartOf":{"@id":"https:\/\/verigo.eu\/#website"},"primaryImageOfPage":{"@id":"https:\/\/verigo.eu\/index.php\/gotowe-ubrania-damskie\/plaszcze-2\/#primaryimage"},"image":{"@id":"https:\/\/verigo.eu\/index.php\/gotowe-ubrania-damskie\/plaszcze-2\/#primaryimage"},"thumbnailUrl":"https:\/\/verigo.eu\/wp-content\/uploads\/2025\/09\/IMG_2804-445x1024.jpg","datePublished":"2025-09-13T10:46:49+00:00","dateModified":"2025-11-15T11:13:17+00:00","breadcrumb":{"@id":"https:\/\/verigo.eu\/index.php\/gotowe-ubrania-damskie\/plaszcze-2\/#breadcrumb"},"inLanguage":"pl-PL","potentialAction":[{"@type":"ReadAction","target":["https:\/\/verigo.eu\/index.php\/gotowe-ubrania-damskie\/plaszcze-2\/"]}]},{"@type":"ImageObject","inLanguage":"pl-PL","@id":"https:\/\/verigo.eu\/index.php\/gotowe-ubrania-damskie\/plaszcze-2\/#primaryimage","url":"https:\/\/verigo.eu\/wp-content\/uploads\/2025\/09\/IMG_2804.jpg","contentUrl":"https:\/\/verigo.eu\/wp-content\/uploads\/2025\/09\/IMG_2804.jpg","width":844,"height":1940,"caption":"p\u0142aszcz"},{"@type":"BreadcrumbList","@id":"https:\/\/verigo.eu\/index.php\/gotowe-ubrania-damskie\/plaszcze-2\/#breadcrumb","itemListElement":[{"@type":"ListItem","position":1,"name":"Strona g\u0142\u00f3wna","item":"https:\/\/verigo.eu\/"},{"@type":"ListItem","position":2,"name":"ubrania gotowe","item":"https:\/\/verigo.eu\/index.php\/gotowe-ubrania-damskie\/"},{"@type":"ListItem","position":3,"name":"p\u0142aszcze, kurtki"}]},{"@type":"WebSite","@id":"https:\/\/verigo.eu\/#website","url":"https:\/\/verigo.eu\/","name":"Sklep na Biela\u0144skiej","description":"Biela\u0144ska 6 , Warszawa, tel. 511 227 767","publisher":{"@id":"https:\/\/verigo.eu\/#organization"},"alternateName":"elegancka klasyczna odzie\u017c damska","potentialAction":[{"@type":"SearchAction","target":{"@type":"EntryPoint","urlTemplate":"https:\/\/verigo.eu\/?s={search_term_string}"},"query-input":{"@type":"PropertyValueSpecification","valueRequired":true,"valueName":"search_term_string"}}],"inLanguage":"pl-PL"},{"@type":"Organization","@id":"https:\/\/verigo.eu\/#organization","name":"Sklep na Biela\u0144skiej","alternateName":"Verigo-elegancka klasyczna odzie\u017c damska","url":"https:\/\/verigo.eu\/","logo":{"@type":"ImageObject","inLanguage":"pl-PL","@id":"https:\/\/verigo.eu\/#\/schema\/logo\/image\/","url":"https:\/\/verigo.eu\/wp-content\/uploads\/2025\/10\/logo-Orginalkopia-jasne-tlo-2-1-scaled.jpg","contentUrl":"https:\/\/verigo.eu\/wp-content\/uploads\/2025\/10\/logo-Orginalkopia-jasne-tlo-2-1-scaled.jpg","width":2560,"height":2476,"caption":"Sklep na Biela\u0144skiej"},"image":{"@id":"https:\/\/verigo.eu\/#\/schema\/logo\/image\/"},"sameAs":["https:\/\/www.facebook.com\/share\/1Cbtke1F4g\/","https:\/\/instagram.com\/verigoodziezdamska\/"]}]}},"_links":{"self":[{"href":"https:\/\/verigo.eu\/index.php\/wp-json\/wp\/v2\/pages\/171","targetHints":{"allow":["GET"]}}],"collection":[{"href":"https:\/\/verigo.eu\/index.php\/wp-json\/wp\/v2\/pages"}],"about":[{"href":"https:\/\/verigo.eu\/index.php\/wp-json\/wp\/v2\/types\/page"}],"author":[{"embeddable":true,"href":"https:\/\/verigo.eu\/index.php\/wp-json\/wp\/v2\/users\/1"}],"replies":[{"embeddable":true,"href":"https:\/\/verigo.eu\/index.php\/wp-json\/wp\/v2\/comments?post=171"}],"version-history":[{"count":13,"href":"https:\/\/verigo.eu\/index.php\/wp-json\/wp\/v2\/pages\/171\/revisions"}],"predecessor-version":[{"id":678,"href":"https:\/\/verigo.eu\/index.php\/wp-json\/wp\/v2\/pages\/171\/revisions\/678"}],"up":[{"embeddable":true,"href":"https:\/\/verigo.eu\/index.php\/wp-json\/wp\/v2\/pages\/47"}],"wp:attachment":[{"href":"https:\/\/verigo.eu\/index.php\/wp-json\/wp\/v2\/media?parent=171"}],"curies":[{"name":"wp","href":"https:\/\/api.w.org\/{rel}","templated":true}]}}