{"id":144,"date":"2025-09-12T09:20:20","date_gmt":"2025-09-12T09:20:20","guid":{"rendered":"https:\/\/verigo.eu\/?page_id=144"},"modified":"2025-10-28T16:26:48","modified_gmt":"2025-10-28T16:26:48","slug":"promocje-outlet","status":"publish","type":"page","link":"https:\/\/verigo.eu\/index.php\/promocje-outlet\/","title":{"rendered":"promocje"},"content":{"rendered":"\n<p>W naszym sklepie mamy wieszak promocje-outlet z ubraniami po bardzo korzystnych cenach. S\u0105 na nim ubrania pe\u0142nowarto\u015bciowe ale s\u0105 to pojedyncze sztuki, nie ma wi\u0119c wyboru rozmiar\u00f3w.<\/p>\n\n\n\n<p>S\u0105 te\u017c i promocje obejmuj\u0105ce ca\u0142y asortyment lub wybrane ubrania . Bie\u017c\u0105ce informacje o takich promocjach zamieszczamy na facebook`u : <strong><a href=\"https:\/\/www.facebook.com\/share\/1Cbtke1F4g\/\"><mark style=\"background-color:rgba(0, 0, 0, 0)\" class=\"has-inline-color has-blue-color\">Verigo Odzie\u017c Damska<\/mark><\/a><\/strong>.<\/p>\n\n\n\n<figure class=\"wp-block-image size-large\"><img loading=\"lazy\" decoding=\"async\" width=\"1006\" height=\"1024\" src=\"https:\/\/verigo.eu\/wp-content\/uploads\/2025\/09\/wieszak-outletowy-1-1006x1024.jpg\" alt=\"wieszak z przecenami\" class=\"wp-image-338\" srcset=\"https:\/\/verigo.eu\/wp-content\/uploads\/2025\/09\/wieszak-outletowy-1-1006x1024.jpg 1006w, https:\/\/verigo.eu\/wp-content\/uploads\/2025\/09\/wieszak-outletowy-1-295x300.jpg 295w, https:\/\/verigo.eu\/wp-content\/uploads\/2025\/09\/wieszak-outletowy-1-768x782.jpg 768w, https:\/\/verigo.eu\/wp-content\/uploads\/2025\/09\/wieszak-outletowy-1-1509x1536.jpg 1509w, https:\/\/verigo.eu\/wp-content\/uploads\/2025\/09\/wieszak-outletowy-1-2012x2048.jpg 2012w\" sizes=\"auto, (max-width: 1006px) 100vw, 1006px\" \/><figcaption class=\"wp-element-caption\">wieszak z przecenionymi sukienkami<\/figcaption><\/figure>\n","protected":false},"excerpt":{"rendered":"<p>W naszym sklepie mamy wieszak promocje-outlet z ubraniami po bardzo korzystnych cenach. S\u0105 na nim ubrania pe\u0142nowarto\u015bciowe ale s\u0105 to pojedyncze sztuki, nie ma wi\u0119c wyboru rozmiar\u00f3w. S\u0105 te\u017c i promocje obejmuj\u0105ce ca\u0142y asortyment lub wybrane ubrania . Bie\u017c\u0105ce informacje o takich promocjach zamieszczamy na [&hellip;]<\/p>\n","protected":false},"author":1,"featured_media":0,"parent":0,"menu_order":0,"comment_status":"closed","ping_status":"closed","template":"","meta":{"_monsterinsights_skip_tracking":false,"_monsterinsights_sitenote_active":false,"_monsterinsights_sitenote_note":"","_monsterinsights_sitenote_category":0,"footnotes":""},"class_list":["post-144","page","type-page","status-publish","hentry"],"yoast_head":"<!-- This site is optimized with the Yoast SEO plugin v27.5 - https:\/\/yoast.com\/product\/yoast-seo-wordpress\/ -->\n<title>promocje - Sklep na Biela\u0144skiej 6<\/title>\n<meta name=\"description\" content=\"Promocje mamy ca\u0142y czas. Na wieszaku promocje-outlet z pojedynczymi sztukami odzie\u017cy a jeszcze bardziej przecenione s\u0105 w koszu promocyjnym.\" \/>\n<meta name=\"robots\" content=\"index, follow, max-snippet:-1, max-image-preview:large, max-video-preview:-1\" \/>\n<link rel=\"canonical\" href=\"https:\/\/verigo.eu\/index.php\/promocje-outlet\/\" \/>\n<meta property=\"og:locale\" content=\"pl_PL\" \/>\n<meta property=\"og:type\" content=\"article\" \/>\n<meta property=\"og:title\" content=\"promocje - Sklep na Biela\u0144skiej 6\" \/>\n<meta property=\"og:description\" content=\"Promocje mamy ca\u0142y czas. Na wieszaku promocje-outlet z pojedynczymi sztukami odzie\u017cy a jeszcze bardziej przecenione s\u0105 w koszu promocyjnym.\" \/>\n<meta property=\"og:url\" content=\"https:\/\/verigo.eu\/index.php\/promocje-outlet\/\" \/>\n<meta property=\"og:site_name\" content=\"Sklep na Biela\u0144skiej 6\" \/>\n<meta property=\"article:publisher\" content=\"https:\/\/www.facebook.com\/share\/1Cbtke1F4g\/\" \/>\n<meta property=\"article:modified_time\" content=\"2025-10-28T16:26:48+00:00\" \/>\n<meta property=\"og:image\" content=\"https:\/\/verigo.eu\/wp-content\/uploads\/2025\/09\/wieszak-outletowy-1.jpg\" \/>\n\t<meta property=\"og:image:width\" content=\"2168\" \/>\n\t<meta property=\"og:image:height\" content=\"2207\" \/>\n\t<meta property=\"og:image:type\" content=\"image\/jpeg\" \/>\n<meta name=\"twitter:card\" content=\"summary_large_image\" \/>\n<meta name=\"twitter:label1\" content=\"Szacowany czas czytania\" \/>\n\t<meta name=\"twitter:data1\" content=\"1 minuta\" \/>\n<script type=\"application\/ld+json\" class=\"yoast-schema-graph\">{\"@context\":\"https:\\\/\\\/schema.org\",\"@graph\":[{\"@type\":\"WebPage\",\"@id\":\"https:\\\/\\\/verigo.eu\\\/index.php\\\/promocje-outlet\\\/\",\"url\":\"https:\\\/\\\/verigo.eu\\\/index.php\\\/promocje-outlet\\\/\",\"name\":\"promocje - Sklep na Biela\u0144skiej 6\",\"isPartOf\":{\"@id\":\"https:\\\/\\\/verigo.eu\\\/#website\"},\"primaryImageOfPage\":{\"@id\":\"https:\\\/\\\/verigo.eu\\\/index.php\\\/promocje-outlet\\\/#primaryimage\"},\"image\":{\"@id\":\"https:\\\/\\\/verigo.eu\\\/index.php\\\/promocje-outlet\\\/#primaryimage\"},\"thumbnailUrl\":\"https:\\\/\\\/verigo.eu\\\/wp-content\\\/uploads\\\/2025\\\/09\\\/wieszak-outletowy-1-1006x1024.jpg\",\"datePublished\":\"2025-09-12T09:20:20+00:00\",\"dateModified\":\"2025-10-28T16:26:48+00:00\",\"description\":\"Promocje mamy ca\u0142y czas. Na wieszaku promocje-outlet z pojedynczymi sztukami odzie\u017cy a jeszcze bardziej przecenione s\u0105 w koszu promocyjnym.\",\"breadcrumb\":{\"@id\":\"https:\\\/\\\/verigo.eu\\\/index.php\\\/promocje-outlet\\\/#breadcrumb\"},\"inLanguage\":\"pl-PL\",\"potentialAction\":[{\"@type\":\"ReadAction\",\"target\":[\"https:\\\/\\\/verigo.eu\\\/index.php\\\/promocje-outlet\\\/\"]}]},{\"@type\":\"ImageObject\",\"inLanguage\":\"pl-PL\",\"@id\":\"https:\\\/\\\/verigo.eu\\\/index.php\\\/promocje-outlet\\\/#primaryimage\",\"url\":\"https:\\\/\\\/verigo.eu\\\/wp-content\\\/uploads\\\/2025\\\/09\\\/wieszak-outletowy-1.jpg\",\"contentUrl\":\"https:\\\/\\\/verigo.eu\\\/wp-content\\\/uploads\\\/2025\\\/09\\\/wieszak-outletowy-1.jpg\",\"width\":2168,\"height\":2207,\"caption\":\"wieszak z przecenami\"},{\"@type\":\"BreadcrumbList\",\"@id\":\"https:\\\/\\\/verigo.eu\\\/index.php\\\/promocje-outlet\\\/#breadcrumb\",\"itemListElement\":[{\"@type\":\"ListItem\",\"position\":1,\"name\":\"Strona g\u0142\u00f3wna\",\"item\":\"https:\\\/\\\/verigo.eu\\\/\"},{\"@type\":\"ListItem\",\"position\":2,\"name\":\"promocje\"}]},{\"@type\":\"WebSite\",\"@id\":\"https:\\\/\\\/verigo.eu\\\/#website\",\"url\":\"https:\\\/\\\/verigo.eu\\\/\",\"name\":\"Sklep na Biela\u0144skiej\",\"description\":\"Biela\u0144ska 6 , Warszawa, tel. 511 227 767\",\"publisher\":{\"@id\":\"https:\\\/\\\/verigo.eu\\\/#organization\"},\"alternateName\":\"elegancka klasyczna odzie\u017c damska\",\"potentialAction\":[{\"@type\":\"SearchAction\",\"target\":{\"@type\":\"EntryPoint\",\"urlTemplate\":\"https:\\\/\\\/verigo.eu\\\/?s={search_term_string}\"},\"query-input\":{\"@type\":\"PropertyValueSpecification\",\"valueRequired\":true,\"valueName\":\"search_term_string\"}}],\"inLanguage\":\"pl-PL\"},{\"@type\":\"Organization\",\"@id\":\"https:\\\/\\\/verigo.eu\\\/#organization\",\"name\":\"Sklep na Biela\u0144skiej\",\"alternateName\":\"Verigo-elegancka klasyczna odzie\u017c damska\",\"url\":\"https:\\\/\\\/verigo.eu\\\/\",\"logo\":{\"@type\":\"ImageObject\",\"inLanguage\":\"pl-PL\",\"@id\":\"https:\\\/\\\/verigo.eu\\\/#\\\/schema\\\/logo\\\/image\\\/\",\"url\":\"https:\\\/\\\/verigo.eu\\\/wp-content\\\/uploads\\\/2025\\\/10\\\/logo-Orginalkopia-jasne-tlo-2-1-scaled.jpg\",\"contentUrl\":\"https:\\\/\\\/verigo.eu\\\/wp-content\\\/uploads\\\/2025\\\/10\\\/logo-Orginalkopia-jasne-tlo-2-1-scaled.jpg\",\"width\":2560,\"height\":2476,\"caption\":\"Sklep na Biela\u0144skiej\"},\"image\":{\"@id\":\"https:\\\/\\\/verigo.eu\\\/#\\\/schema\\\/logo\\\/image\\\/\"},\"sameAs\":[\"https:\\\/\\\/www.facebook.com\\\/share\\\/1Cbtke1F4g\\\/\",\"https:\\\/\\\/instagram.com\\\/verigoodziezdamska\\\/\"]}]}<\/script>\n<!-- \/ Yoast SEO plugin. -->","yoast_head_json":{"title":"promocje - Sklep na Biela\u0144skiej 6","description":"Promocje mamy ca\u0142y czas. Na wieszaku promocje-outlet z pojedynczymi sztukami odzie\u017cy a jeszcze bardziej przecenione s\u0105 w koszu promocyjnym.","robots":{"index":"index","follow":"follow","max-snippet":"max-snippet:-1","max-image-preview":"max-image-preview:large","max-video-preview":"max-video-preview:-1"},"canonical":"https:\/\/verigo.eu\/index.php\/promocje-outlet\/","og_locale":"pl_PL","og_type":"article","og_title":"promocje - Sklep na Biela\u0144skiej 6","og_description":"Promocje mamy ca\u0142y czas. Na wieszaku promocje-outlet z pojedynczymi sztukami odzie\u017cy a jeszcze bardziej przecenione s\u0105 w koszu promocyjnym.","og_url":"https:\/\/verigo.eu\/index.php\/promocje-outlet\/","og_site_name":"Sklep na Biela\u0144skiej 6","article_publisher":"https:\/\/www.facebook.com\/share\/1Cbtke1F4g\/","article_modified_time":"2025-10-28T16:26:48+00:00","og_image":[{"width":2168,"height":2207,"url":"https:\/\/verigo.eu\/wp-content\/uploads\/2025\/09\/wieszak-outletowy-1.jpg","type":"image\/jpeg"}],"twitter_card":"summary_large_image","twitter_misc":{"Szacowany czas czytania":"1 minuta"},"schema":{"@context":"https:\/\/schema.org","@graph":[{"@type":"WebPage","@id":"https:\/\/verigo.eu\/index.php\/promocje-outlet\/","url":"https:\/\/verigo.eu\/index.php\/promocje-outlet\/","name":"promocje - Sklep na Biela\u0144skiej 6","isPartOf":{"@id":"https:\/\/verigo.eu\/#website"},"primaryImageOfPage":{"@id":"https:\/\/verigo.eu\/index.php\/promocje-outlet\/#primaryimage"},"image":{"@id":"https:\/\/verigo.eu\/index.php\/promocje-outlet\/#primaryimage"},"thumbnailUrl":"https:\/\/verigo.eu\/wp-content\/uploads\/2025\/09\/wieszak-outletowy-1-1006x1024.jpg","datePublished":"2025-09-12T09:20:20+00:00","dateModified":"2025-10-28T16:26:48+00:00","description":"Promocje mamy ca\u0142y czas. Na wieszaku promocje-outlet z pojedynczymi sztukami odzie\u017cy a jeszcze bardziej przecenione s\u0105 w koszu promocyjnym.","breadcrumb":{"@id":"https:\/\/verigo.eu\/index.php\/promocje-outlet\/#breadcrumb"},"inLanguage":"pl-PL","potentialAction":[{"@type":"ReadAction","target":["https:\/\/verigo.eu\/index.php\/promocje-outlet\/"]}]},{"@type":"ImageObject","inLanguage":"pl-PL","@id":"https:\/\/verigo.eu\/index.php\/promocje-outlet\/#primaryimage","url":"https:\/\/verigo.eu\/wp-content\/uploads\/2025\/09\/wieszak-outletowy-1.jpg","contentUrl":"https:\/\/verigo.eu\/wp-content\/uploads\/2025\/09\/wieszak-outletowy-1.jpg","width":2168,"height":2207,"caption":"wieszak z przecenami"},{"@type":"BreadcrumbList","@id":"https:\/\/verigo.eu\/index.php\/promocje-outlet\/#breadcrumb","itemListElement":[{"@type":"ListItem","position":1,"name":"Strona g\u0142\u00f3wna","item":"https:\/\/verigo.eu\/"},{"@type":"ListItem","position":2,"name":"promocje"}]},{"@type":"WebSite","@id":"https:\/\/verigo.eu\/#website","url":"https:\/\/verigo.eu\/","name":"Sklep na Biela\u0144skiej","description":"Biela\u0144ska 6 , Warszawa, tel. 511 227 767","publisher":{"@id":"https:\/\/verigo.eu\/#organization"},"alternateName":"elegancka klasyczna odzie\u017c damska","potentialAction":[{"@type":"SearchAction","target":{"@type":"EntryPoint","urlTemplate":"https:\/\/verigo.eu\/?s={search_term_string}"},"query-input":{"@type":"PropertyValueSpecification","valueRequired":true,"valueName":"search_term_string"}}],"inLanguage":"pl-PL"},{"@type":"Organization","@id":"https:\/\/verigo.eu\/#organization","name":"Sklep na Biela\u0144skiej","alternateName":"Verigo-elegancka klasyczna odzie\u017c damska","url":"https:\/\/verigo.eu\/","logo":{"@type":"ImageObject","inLanguage":"pl-PL","@id":"https:\/\/verigo.eu\/#\/schema\/logo\/image\/","url":"https:\/\/verigo.eu\/wp-content\/uploads\/2025\/10\/logo-Orginalkopia-jasne-tlo-2-1-scaled.jpg","contentUrl":"https:\/\/verigo.eu\/wp-content\/uploads\/2025\/10\/logo-Orginalkopia-jasne-tlo-2-1-scaled.jpg","width":2560,"height":2476,"caption":"Sklep na Biela\u0144skiej"},"image":{"@id":"https:\/\/verigo.eu\/#\/schema\/logo\/image\/"},"sameAs":["https:\/\/www.facebook.com\/share\/1Cbtke1F4g\/","https:\/\/instagram.com\/verigoodziezdamska\/"]}]}},"_links":{"self":[{"href":"https:\/\/verigo.eu\/index.php\/wp-json\/wp\/v2\/pages\/144","targetHints":{"allow":["GET"]}}],"collection":[{"href":"https:\/\/verigo.eu\/index.php\/wp-json\/wp\/v2\/pages"}],"about":[{"href":"https:\/\/verigo.eu\/index.php\/wp-json\/wp\/v2\/types\/page"}],"author":[{"embeddable":true,"href":"https:\/\/verigo.eu\/index.php\/wp-json\/wp\/v2\/users\/1"}],"replies":[{"embeddable":true,"href":"https:\/\/verigo.eu\/index.php\/wp-json\/wp\/v2\/comments?post=144"}],"version-history":[{"count":9,"href":"https:\/\/verigo.eu\/index.php\/wp-json\/wp\/v2\/pages\/144\/revisions"}],"predecessor-version":[{"id":648,"href":"https:\/\/verigo.eu\/index.php\/wp-json\/wp\/v2\/pages\/144\/revisions\/648"}],"wp:attachment":[{"href":"https:\/\/verigo.eu\/index.php\/wp-json\/wp\/v2\/media?parent=144"}],"curies":[{"name":"wp","href":"https:\/\/api.w.org\/{rel}","templated":true}]}}